{"id":1046,"date":"2020-04-27T15:58:11","date_gmt":"2020-04-27T15:58:11","guid":{"rendered":"http:\/\/precimaq.com.br\/?page_id=1046"},"modified":"2020-05-08T01:15:22","modified_gmt":"2020-05-08T01:15:22","slug":"tubos-poliamida-11-12-c-reforco","status":"publish","type":"page","link":"http:\/\/precimaq.com.br\/?page_id=1046","title":{"rendered":"Tubos em Nylon 11\/12 com Refor\u00e7o"},"content":{"rendered":"\n<div class=\"wp-block-image is-style-default\"><figure class=\"alignleft size-large is-resized\"><img loading=\"lazy\" decoding=\"async\" src=\"http:\/\/precimaq.com.br\/wp-content\/uploads\/2020\/04\/TUBO-NYLON-5.jpg\" alt=\"\" class=\"wp-image-1111\" width=\"379\" height=\"217\" srcset=\"http:\/\/precimaq.com.br\/wp-content\/uploads\/2020\/04\/TUBO-NYLON-5.jpg 323w, http:\/\/precimaq.com.br\/wp-content\/uploads\/2020\/04\/TUBO-NYLON-5-300x173.jpg 300w\" sizes=\"auto, (max-width: 379px) 100vw, 379px\" \/><\/figure><\/div>\n\n\n\n<p><\/p>\n\n\n\n<p><\/p>\n\n\n\n<p><\/p>\n\n\n\n<p class=\"has-text-align-left\"><strong><em>Aplica\u00e7\u00e3o : Circuitos de Freio a Ar, Hidr\u00e1ulico, Pneum\u00e1tico, Combust\u00edvel e Lubrifica\u00e7\u00e3o, Condu\u00e7\u00e3o de Produtos Qu\u00edmicos e Gases <\/em><\/strong><\/p>\n\n\n\n<p><strong><em>Temperatura de Trabalho:  &#8211; 40\u00baC \u00e0 +93\u00baC<\/em><\/strong><\/p>\n\n\n\n<p><strong><em>Normas : SAE J844 TIPO &#8220;B&#8221; e SAE J1394 TIPO &#8220;B&#8221;<\/em><\/strong><\/p>\n\n\n\n<p><strong><em>Constru\u00e7\u00e3o: Tubo Interno em Nylon 11\/12 Flex\u00edvel. Tran\u00e7ado com Fios de poli\u00e9ster. Capa Externa em Nylon 11\/12 Flex\u00edvel ( Cores Contrastantes Entre Tubo e Capa)  <\/em><\/strong><\/p>\n\n\n\n<h2 class=\"has-very-light-gray-color has-text-color has-text-align-center wp-block-heading\"><strong>Tubos em Poliamida 11\/12 Dupla Camada Refor\u00e7ado Com Fios de Poli\u00e9ster<\/strong><\/h2>\n\n\n\n<table id=\"tablepress-43\" class=\"tablepress tablepress-id-43\">\n<thead>\n<tr class=\"row-1\">\n\t<th class=\"column-1\">N\/Numero<\/th><th class=\"column-2\"> Diametro<\/th><th class=\"column-3\">Externo<br \/>\nmm<\/th><th class=\"column-4\">Interno<br \/>\nmm<\/th><th class=\"column-5\">Espessura<br \/>\nParede<\/th><th class=\"column-6\">Press\u00e3o<br \/>\nTrabalho<\/th><th class=\"column-7\">Press\u00e3o<br \/>\nRuptura<\/th><th class=\"column-8\">Cor<br \/>\nTubo<\/th><th class=\"column-9\">Peso<br \/>\nGrs<\/th><th class=\"column-10\">Raio<br \/>\nMinimo <\/th><th class=\"column-11\">Lance<br \/>\nRolo (Mt)<\/th>\n<\/tr>\n<\/thead>\n<tbody class=\"row-striping row-hover\">\n<tr class=\"row-2\">\n\t<td class=\"column-1\">909563<\/td><td class=\"column-2\">3\/8\" x 1\/4\"<\/td><td class=\"column-3\">9.53<\/td><td class=\"column-4\">6.35<\/td><td class=\"column-5\">1.59<\/td><td class=\"column-6\">315 Psi<\/td><td class=\"column-7\">1260 Psi<\/td><td class=\"column-8\">Preto<\/td><td class=\"column-9\">42<\/td><td class=\"column-10\">38<\/td><td class=\"column-11\">50<\/td>\n<\/tr>\n<tr class=\"row-3\">\n\t<td class=\"column-1\">90956E<\/td><td class=\"column-2\">3\/8\" x 1\/4\"<\/td><td class=\"column-3\">9.53<\/td><td class=\"column-4\">6.35<\/td><td class=\"column-5\">1.59<\/td><td class=\"column-6\">315 Psi<\/td><td class=\"column-7\">1260 Psi<\/td><td class=\"column-8\">Vermelho<\/td><td class=\"column-9\">42<\/td><td class=\"column-10\">38<\/td><td class=\"column-11\">50<\/td>\n<\/tr>\n<tr class=\"row-4\">\n\t<td class=\"column-1\">90956M<\/td><td class=\"column-2\">3\/8\" x 1\/4\"<\/td><td class=\"column-3\">9.53<\/td><td class=\"column-4\">6.35<\/td><td class=\"column-5\">1.59<\/td><td class=\"column-6\">315 Psi<\/td><td class=\"column-7\">1260 Psi<\/td><td class=\"column-8\">Amarelo<\/td><td class=\"column-9\">42<\/td><td class=\"column-10\">38<\/td><td class=\"column-11\">50<\/td>\n<\/tr>\n<tr class=\"row-5\">\n\t<td class=\"column-1\">910070<\/td><td class=\"column-2\">10 x 7<\/td><td class=\"column-3\">10<\/td><td class=\"column-4\">7<\/td><td class=\"column-5\">1.5<\/td><td class=\"column-6\">300 Psi<\/td><td class=\"column-7\">1200 Psi<\/td><td class=\"column-8\">Preto<\/td><td class=\"column-9\">42<\/td><td class=\"column-10\">38<\/td><td class=\"column-11\">50<\/td>\n<\/tr>\n<tr class=\"row-6\">\n\t<td class=\"column-1\">91007E<\/td><td class=\"column-2\">10 x 7<\/td><td class=\"column-3\">10<\/td><td class=\"column-4\">7<\/td><td class=\"column-5\">1.5<\/td><td class=\"column-6\">300 Psi<\/td><td class=\"column-7\">1200 Psi<\/td><td class=\"column-8\">Vermelho<\/td><td class=\"column-9\">42<\/td><td class=\"column-10\">38<\/td><td class=\"column-11\">50<\/td>\n<\/tr>\n<tr class=\"row-7\">\n\t<td class=\"column-1\">91007M<\/td><td class=\"column-2\">10 x 7<\/td><td class=\"column-3\">10<\/td><td class=\"column-4\">7<\/td><td class=\"column-5\">1.5<\/td><td class=\"column-6\">300 Psi<\/td><td class=\"column-7\">1200 Psi<\/td><td class=\"column-8\">Amarelo<\/td><td class=\"column-9\">42<\/td><td class=\"column-10\">38<\/td><td class=\"column-11\">50<\/td>\n<\/tr>\n<tr class=\"row-8\">\n\t<td class=\"column-1\">91007Z<\/td><td class=\"column-2\">10 x 7<\/td><td class=\"column-3\">10<\/td><td class=\"column-4\">7<\/td><td class=\"column-5\">1.5<\/td><td class=\"column-6\">300 Psi<\/td><td class=\"column-7\">1200 Psi<\/td><td class=\"column-8\">Azul<\/td><td class=\"column-9\">42<\/td><td class=\"column-10\">38<\/td><td class=\"column-11\">50<\/td>\n<\/tr>\n<tr class=\"row-9\">\n\t<td class=\"column-1\">912090<\/td><td class=\"column-2\">12 x 9<\/td><td class=\"column-3\">12<\/td><td class=\"column-4\">9<\/td><td class=\"column-5\">1.5<\/td><td class=\"column-6\">250 Psi<\/td><td class=\"column-7\">1000 Psi<\/td><td class=\"column-8\">Preto<\/td><td class=\"column-9\">52<\/td><td class=\"column-10\">45<\/td><td class=\"column-11\">50<\/td>\n<\/tr>\n<tr class=\"row-10\">\n\t<td class=\"column-1\">91209E<\/td><td class=\"column-2\">12 x 9<\/td><td class=\"column-3\">12<\/td><td class=\"column-4\">9<\/td><td class=\"column-5\">1.5<\/td><td class=\"column-6\">250 Psi<\/td><td class=\"column-7\">1000 Psi<\/td><td class=\"column-8\">Vermelho<\/td><td class=\"column-9\">52<\/td><td class=\"column-10\">45<\/td><td class=\"column-11\">50<\/td>\n<\/tr>\n<tr class=\"row-11\">\n\t<td class=\"column-1\">91209M<\/td><td class=\"column-2\">12 x 9<\/td><td class=\"column-3\">12<\/td><td class=\"column-4\">9<\/td><td class=\"column-5\">1.5<\/td><td class=\"column-6\">250 Psi<\/td><td class=\"column-7\">1000 Psi<\/td><td class=\"column-8\">Amarelo<\/td><td class=\"column-9\">52<\/td><td class=\"column-10\">45<\/td><td class=\"column-11\">50<\/td>\n<\/tr>\n<tr class=\"row-12\">\n\t<td class=\"column-1\">91209Z<\/td><td class=\"column-2\">12 x 9<\/td><td class=\"column-3\">12<\/td><td class=\"column-4\">9<\/td><td class=\"column-5\">1.5<\/td><td class=\"column-6\">250 Psi<\/td><td class=\"column-7\">1000 Psi<\/td><td class=\"column-8\">Azul<\/td><td class=\"column-9\">52<\/td><td class=\"column-10\">45<\/td><td class=\"column-11\">50<\/td>\n<\/tr>\n<tr class=\"row-13\">\n\t<td class=\"column-1\">912795<\/td><td class=\"column-2\">1\/2\" x 3\/8\"<\/td><td class=\"column-3\">12.7<\/td><td class=\"column-4\">9.53<\/td><td class=\"column-5\">1.59<\/td><td class=\"column-6\">250 Psi<\/td><td class=\"column-7\">1000 Psi<\/td><td class=\"column-8\">Preto<\/td><td class=\"column-9\">58<\/td><td class=\"column-10\">50<\/td><td class=\"column-11\">50<\/td>\n<\/tr>\n<tr class=\"row-14\">\n\t<td class=\"column-1\">91279E<\/td><td class=\"column-2\">1\/2\" x 3\/8\"<\/td><td class=\"column-3\">12.7<\/td><td class=\"column-4\">9.53<\/td><td class=\"column-5\">1.59<\/td><td class=\"column-6\">250 Psi<\/td><td class=\"column-7\">1000 Psi<\/td><td class=\"column-8\">Vermelho<\/td><td class=\"column-9\">58<\/td><td class=\"column-10\">50<\/td><td class=\"column-11\">50<\/td>\n<\/tr>\n<tr class=\"row-15\">\n\t<td class=\"column-1\">91279M<\/td><td class=\"column-2\">1\/2\" x 3\/8\"<\/td><td class=\"column-3\">12.7<\/td><td class=\"column-4\">9.53<\/td><td class=\"column-5\">1.59<\/td><td class=\"column-6\">250 Psi<\/td><td class=\"column-7\">1000 Psi<\/td><td class=\"column-8\">Amarelo<\/td><td class=\"column-9\">58<\/td><td class=\"column-10\">50<\/td><td class=\"column-11\">50<\/td>\n<\/tr>\n<tr class=\"row-16\">\n\t<td class=\"column-1\">915811<\/td><td class=\"column-2\">5\/8\" x 7\/16\"<\/td><td class=\"column-3\">15.88<\/td><td class=\"column-4\">11.2<\/td><td class=\"column-5\">2.34<\/td><td class=\"column-6\">250 Psi<\/td><td class=\"column-7\">1000 Psi<\/td><td class=\"column-8\">Preto<\/td><td class=\"column-9\">104<\/td><td class=\"column-10\">64<\/td><td class=\"column-11\">50<\/td>\n<\/tr>\n<tr class=\"row-17\">\n\t<td class=\"column-1\">916012<\/td><td class=\"column-2\">16 x 12<\/td><td class=\"column-3\">16<\/td><td class=\"column-4\">12<\/td><td class=\"column-5\">2<\/td><td class=\"column-6\">195 Psi<\/td><td class=\"column-7\">780 Psi<\/td><td class=\"column-8\">Preto<\/td><td class=\"column-9\">92<\/td><td class=\"column-10\">70<\/td><td class=\"column-11\">50<\/td>\n<\/tr>\n<tr class=\"row-18\">\n\t<td class=\"column-1\">919015<\/td><td class=\"column-2\">3\/4\" x 9\/16\"<\/td><td class=\"column-3\">19.05<\/td><td class=\"column-4\">14,55<\/td><td class=\"column-5\">2,23<\/td><td class=\"column-6\">165 Psi<\/td><td class=\"column-7\">660 Psi<\/td><td class=\"column-8\">Preto<\/td><td class=\"column-9\">124<\/td><td class=\"column-10\">84<\/td><td class=\"column-11\">50<\/td>\n<\/tr>\n<\/tbody>\n<\/table>\n<!-- #tablepress-43 from cache -->\n\n\n\n<p><\/p>\n","protected":false},"excerpt":{"rendered":"<p>Aplica\u00e7\u00e3o : Circuitos de Freio a Ar, Hidr\u00e1ulico, Pneum\u00e1tico, Combust\u00edvel e Lubrifica\u00e7\u00e3o, Condu\u00e7\u00e3o de Produtos Qu\u00edmicos e Gases Temperatura de Trabalho: &#8211; 40\u00baC \u00e0 +93\u00baC Normas : SAE J844 TIPO &#8220;B&#8221; e SAE J1394 TIPO &#8220;B&#8221; Constru\u00e7\u00e3o: Tubo Interno em Nylon 11\/12 Flex\u00edvel. Tran\u00e7ado com Fios de poli\u00e9ster. Capa Externa em Nylon 11\/12 Flex\u00edvel (<span class=\"read-more-faq\"><a href=\"http:\/\/precimaq.com.br\/?page_id=1046\">Read More<\/a><\/span><\/p>\n","protected":false},"author":1,"featured_media":0,"parent":1801,"menu_order":3,"comment_status":"closed","ping_status":"closed","template":"","meta":{"footnotes":""},"class_list":["post-1046","page","type-page","status-publish","hentry"],"_links":{"self":[{"href":"http:\/\/precimaq.com.br\/index.php?rest_route=\/wp\/v2\/pages\/1046","targetHints":{"allow":["GET"]}}],"collection":[{"href":"http:\/\/precimaq.com.br\/index.php?rest_route=\/wp\/v2\/pages"}],"about":[{"href":"http:\/\/precimaq.com.br\/index.php?rest_route=\/wp\/v2\/types\/page"}],"author":[{"embeddable":true,"href":"http:\/\/precimaq.com.br\/index.php?rest_route=\/wp\/v2\/users\/1"}],"replies":[{"embeddable":true,"href":"http:\/\/precimaq.com.br\/index.php?rest_route=%2Fwp%2Fv2%2Fcomments&post=1046"}],"version-history":[{"count":13,"href":"http:\/\/precimaq.com.br\/index.php?rest_route=\/wp\/v2\/pages\/1046\/revisions"}],"predecessor-version":[{"id":1201,"href":"http:\/\/precimaq.com.br\/index.php?rest_route=\/wp\/v2\/pages\/1046\/revisions\/1201"}],"up":[{"embeddable":true,"href":"http:\/\/precimaq.com.br\/index.php?rest_route=\/wp\/v2\/pages\/1801"}],"wp:attachment":[{"href":"http:\/\/precimaq.com.br\/index.php?rest_route=%2Fwp%2Fv2%2Fmedia&parent=1046"}],"curies":[{"name":"wp","href":"https:\/\/api.w.org\/{rel}","templated":true}]}}