{"id":1059,"date":"2020-04-27T16:25:06","date_gmt":"2020-04-27T16:25:06","guid":{"rendered":"http:\/\/precimaq.com.br\/?page_id=1059"},"modified":"2020-05-09T00:50:28","modified_gmt":"2020-05-09T00:50:28","slug":"tubos-em-nylon-6","status":"publish","type":"page","link":"http:\/\/precimaq.com.br\/?page_id=1059","title":{"rendered":"Tubos em Nylon 6"},"content":{"rendered":"\n<h2 class=\"has-very-light-gray-color has-text-color has-text-align-center wp-block-heading\"><strong>Tubos em Poliamida 6<\/strong><\/h2>\n\n\n\n<div class=\"wp-block-image is-style-default\"><figure class=\"alignleft size-large is-resized\"><img loading=\"lazy\" decoding=\"async\" src=\"http:\/\/precimaq.com.br\/wp-content\/uploads\/2020\/04\/NYLON-6.jpg\" alt=\"\" class=\"wp-image-1202\" width=\"332\" height=\"279\" srcset=\"http:\/\/precimaq.com.br\/wp-content\/uploads\/2020\/04\/NYLON-6.jpg 717w, http:\/\/precimaq.com.br\/wp-content\/uploads\/2020\/04\/NYLON-6-300x251.jpg 300w\" sizes=\"auto, (max-width: 332px) 100vw, 332px\" \/><\/figure><\/div>\n\n\n\n<p><strong><em>Propriedades : Baixo Peso em Compara\u00e7\u00e3o com Tubos Met\u00e1licos, Baixa Resist\u00eancia Qu\u00edmica a \u00c1cidos,  Boa Estabilidade em Altas Temperaturas,  Resist\u00eancia ao Desgaste, \u00e0 Fadiga, ao Impacto, Elevada Resist\u00eancia Mec\u00e2nica, Excelente <\/em><\/strong><em><strong>Resist\u00eancia T\u00e9rmica<\/strong><\/em><\/p>\n\n\n\n<p><strong><em>Material Higrosc\u00f3pico (Absorve Umidade)<\/em><\/strong><\/p>\n\n\n\n<p><\/p>\n\n\n\n<table id=\"tablepress-54\" class=\"tablepress tablepress-id-54\">\n<thead>\n<tr class=\"row-1\">\n\t<th class=\"column-1\">N\/Numero<\/th><th class=\"column-2\">Di\u00e2metro <\/th><th class=\"column-3\">Externo<br \/>\nmm<\/th><th class=\"column-4\">Interno<br \/>\nmm<\/th><th class=\"column-5\">Espessura<br \/>\nParede<\/th><th class=\"column-6\">Press\u00e3o<br \/>\nTrabalho<\/th><th class=\"column-7\">Press\u00e3o<br \/>\nRuptura<\/th><th class=\"column-8\">Cor<br \/>\nTubo<\/th><th class=\"column-9\">Peso<br \/>\nGrs<\/th><th class=\"column-10\">Lance<br \/>\nRolo (Mt)<\/th>\n<\/tr>\n<\/thead>\n<tbody class=\"row-striping row-hover\">\n<tr class=\"row-2\">\n\t<td class=\"column-1\">S03115<\/td><td class=\"column-2\">1\/8\"<\/td><td class=\"column-3\">3.10<\/td><td class=\"column-4\">1.50<\/td><td class=\"column-5\">0.80<\/td><td class=\"column-6\">650 Psi<\/td><td class=\"column-7\">1950 Psi<\/td><td class=\"column-8\">Preto<\/td><td class=\"column-9\">8<\/td><td class=\"column-10\">100<\/td>\n<\/tr>\n<tr class=\"row-3\">\n\t<td class=\"column-1\">S0311A<\/td><td class=\"column-2\">1\/8\"<\/td><td class=\"column-3\">3.10<\/td><td class=\"column-4\">1.50<\/td><td class=\"column-5\">0.80<\/td><td class=\"column-6\">650 Psi<\/td><td class=\"column-7\">1950 Psi<\/td><td class=\"column-8\">Natural<\/td><td class=\"column-9\">8<\/td><td class=\"column-10\">100<\/td>\n<\/tr>\n<tr class=\"row-4\">\n\t<td class=\"column-1\">S04020<\/td><td class=\"column-2\">4 x 2<\/td><td class=\"column-3\">4<\/td><td class=\"column-4\">2<\/td><td class=\"column-5\">1<\/td><td class=\"column-6\">950 Psi<\/td><td class=\"column-7\">2850 Psi<\/td><td class=\"column-8\">Preto<\/td><td class=\"column-9\">12<\/td><td class=\"column-10\">100<\/td>\n<\/tr>\n<tr class=\"row-5\">\n\t<td class=\"column-1\">S0402A<\/td><td class=\"column-2\">4 x 2<\/td><td class=\"column-3\">4<\/td><td class=\"column-4\">2<\/td><td class=\"column-5\">1<\/td><td class=\"column-6\">950 Psi<\/td><td class=\"column-7\">2850 Psi<\/td><td class=\"column-8\">Natural<\/td><td class=\"column-9\">12<\/td><td class=\"column-10\">100<\/td>\n<\/tr>\n<tr class=\"row-6\">\n\t<td class=\"column-1\">S04731<\/td><td class=\"column-2\">3\/16\"<\/td><td class=\"column-3\">4.76<\/td><td class=\"column-4\">3.10<\/td><td class=\"column-5\">0.83<\/td><td class=\"column-6\">400 Psi<\/td><td class=\"column-7\">1200 Psi<\/td><td class=\"column-8\">Preto<\/td><td class=\"column-9\">13<\/td><td class=\"column-10\">100<\/td>\n<\/tr>\n<tr class=\"row-7\">\n\t<td class=\"column-1\">S0473A<\/td><td class=\"column-2\">3\/16\"<\/td><td class=\"column-3\">4.76<\/td><td class=\"column-4\">3.10<\/td><td class=\"column-5\">0.83<\/td><td class=\"column-6\">400 Psi<\/td><td class=\"column-7\">1200 Psi<\/td><td class=\"column-8\">Natural<\/td><td class=\"column-9\">13<\/td><td class=\"column-10\">100<\/td>\n<\/tr>\n<tr class=\"row-8\">\n\t<td class=\"column-1\">S06040<\/td><td class=\"column-2\">6 x 4<\/td><td class=\"column-3\">6<\/td><td class=\"column-4\">4<\/td><td class=\"column-5\">1<\/td><td class=\"column-6\">550 Psi<\/td><td class=\"column-7\">1650 Psi<\/td><td class=\"column-8\">Preto<\/td><td class=\"column-9\">20<\/td><td class=\"column-10\">100<\/td>\n<\/tr>\n<tr class=\"row-9\">\n\t<td class=\"column-1\">S0604A<\/td><td class=\"column-2\">6 x 4<\/td><td class=\"column-3\">6<\/td><td class=\"column-4\">4<\/td><td class=\"column-5\">1<\/td><td class=\"column-6\">550 Psi<\/td><td class=\"column-7\">1650 Psi<\/td><td class=\"column-8\">Natural<\/td><td class=\"column-9\">20<\/td><td class=\"column-10\">100<\/td>\n<\/tr>\n<tr class=\"row-10\">\n\t<td class=\"column-1\">S06343<\/td><td class=\"column-2\">1\/4\"<\/td><td class=\"column-3\">6,35<\/td><td class=\"column-4\">4,31<\/td><td class=\"column-5\">1<\/td><td class=\"column-6\">550 Psi<\/td><td class=\"column-7\">1650 Psi<\/td><td class=\"column-8\">Preto<\/td><td class=\"column-9\">21<\/td><td class=\"column-10\">100<\/td>\n<\/tr>\n<tr class=\"row-11\">\n\t<td class=\"column-1\">S0634A<\/td><td class=\"column-2\">1\/4\"<\/td><td class=\"column-3\">6,35<\/td><td class=\"column-4\">4,31<\/td><td class=\"column-5\">1<\/td><td class=\"column-6\">550 Psi<\/td><td class=\"column-7\">1650 Psi<\/td><td class=\"column-8\">Natural<\/td><td class=\"column-9\">21<\/td><td class=\"column-10\">100<\/td>\n<\/tr>\n<tr class=\"row-12\">\n\t<td class=\"column-1\">S08060<\/td><td class=\"column-2\">8 x 6<\/td><td class=\"column-3\">8<\/td><td class=\"column-4\">6<\/td><td class=\"column-5\">1<\/td><td class=\"column-6\">400 Psi<\/td><td class=\"column-7\">1200 Psi<\/td><td class=\"column-8\">Preto<\/td><td class=\"column-9\">28<\/td><td class=\"column-10\">100<\/td>\n<\/tr>\n<tr class=\"row-13\">\n\t<td class=\"column-1\">S0806A<\/td><td class=\"column-2\">8 x 6<\/td><td class=\"column-3\">8<\/td><td class=\"column-4\">6<\/td><td class=\"column-5\">1<\/td><td class=\"column-6\">400 Psi<\/td><td class=\"column-7\">1200 Psi<\/td><td class=\"column-8\">Natural<\/td><td class=\"column-9\">28<\/td><td class=\"column-10\">100<\/td>\n<\/tr>\n<tr class=\"row-14\">\n\t<td class=\"column-1\">S0806I<\/td><td class=\"column-2\">8 x 6<\/td><td class=\"column-3\">8<\/td><td class=\"column-4\">6<\/td><td class=\"column-5\">1<\/td><td class=\"column-6\">400 Psi<\/td><td class=\"column-7\">1200 Psi<\/td><td class=\"column-8\">Cinza<\/td><td class=\"column-9\">28<\/td><td class=\"column-10\">100<\/td>\n<\/tr>\n<tr class=\"row-15\">\n\t<td class=\"column-1\">S0806Z<\/td><td class=\"column-2\">8 x 6<\/td><td class=\"column-3\">8<\/td><td class=\"column-4\">6<\/td><td class=\"column-5\">1<\/td><td class=\"column-6\">400 Psi<\/td><td class=\"column-7\">1200 Psi<\/td><td class=\"column-8\">Azul<\/td><td class=\"column-9\">28<\/td><td class=\"column-10\">100<\/td>\n<\/tr>\n<tr class=\"row-16\">\n\t<td class=\"column-1\">S09563<\/td><td class=\"column-2\">3\/8\" x 1\/4\"<\/td><td class=\"column-3\">9.53<\/td><td class=\"column-4\">6.35<\/td><td class=\"column-5\">1.59<\/td><td class=\"column-6\">550 Psi<\/td><td class=\"column-7\">1650 Psi<\/td><td class=\"column-8\">Preto<\/td><td class=\"column-9\">50<\/td><td class=\"column-10\">50<\/td>\n<\/tr>\n<tr class=\"row-17\">\n\t<td class=\"column-1\">S10070<\/td><td class=\"column-2\">10 x 7<\/td><td class=\"column-3\">10<\/td><td class=\"column-4\">7<\/td><td class=\"column-5\">1.5<\/td><td class=\"column-6\">550 Psi<\/td><td class=\"column-7\">1650 Psi<\/td><td class=\"column-8\">Preto<\/td><td class=\"column-9\">50<\/td><td class=\"column-10\">50<\/td>\n<\/tr>\n<tr class=\"row-18\">\n\t<td class=\"column-1\">S11080<\/td><td class=\"column-2\">11 x 8<\/td><td class=\"column-3\">11<\/td><td class=\"column-4\">8<\/td><td class=\"column-5\">1.5<\/td><td class=\"column-6\">450 Psi<\/td><td class=\"column-7\">1350 Psi<\/td><td class=\"column-8\">Preto<\/td><td class=\"column-9\">56<\/td><td class=\"column-10\">50<\/td>\n<\/tr>\n<tr class=\"row-19\">\n\t<td class=\"column-1\">S12090<\/td><td class=\"column-2\">12 x 9<\/td><td class=\"column-3\">12<\/td><td class=\"column-4\">9<\/td><td class=\"column-5\">1.5<\/td><td class=\"column-6\">400 Psi<\/td><td class=\"column-7\">1200 Psi<\/td><td class=\"column-8\">Preto<\/td><td class=\"column-9\">62<\/td><td class=\"column-10\">50<\/td>\n<\/tr>\n<tr class=\"row-20\">\n\t<td class=\"column-1\">S12795<\/td><td class=\"column-2\">1\/2\" x 3\/8\"<\/td><td class=\"column-3\">12.7<\/td><td class=\"column-4\">9.53<\/td><td class=\"column-5\">1.59<\/td><td class=\"column-6\">400 Psi<\/td><td class=\"column-7\">1200 Psi<\/td><td class=\"column-8\">Preto<\/td><td class=\"column-9\">70<\/td><td class=\"column-10\">50<\/td>\n<\/tr>\n<tr class=\"row-21\">\n\t<td class=\"column-1\">S16012<\/td><td class=\"column-2\">16 x 12<\/td><td class=\"column-3\">16<\/td><td class=\"column-4\">12<\/td><td class=\"column-5\">2<\/td><td class=\"column-6\">250 Psi<\/td><td class=\"column-7\">750 Psi<\/td><td class=\"column-8\">Preto<\/td><td class=\"column-9\">110<\/td><td class=\"column-10\">50<\/td>\n<\/tr>\n<\/tbody>\n<\/table>\n<!-- #tablepress-54 from cache -->\n","protected":false},"excerpt":{"rendered":"<p>Tubos em Poliamida 6 Propriedades : Baixo Peso em Compara\u00e7\u00e3o com Tubos Met\u00e1licos, Baixa Resist\u00eancia Qu\u00edmica a \u00c1cidos, Boa Estabilidade em Altas Temperaturas, Resist\u00eancia ao Desgaste, \u00e0 Fadiga, ao Impacto, Elevada Resist\u00eancia Mec\u00e2nica, Excelente Resist\u00eancia T\u00e9rmica Material Higrosc\u00f3pico (Absorve Umidade)<\/p>\n","protected":false},"author":1,"featured_media":0,"parent":1255,"menu_order":1,"comment_status":"closed","ping_status":"closed","template":"","meta":{"footnotes":""},"class_list":["post-1059","page","type-page","status-publish","hentry"],"_links":{"self":[{"href":"http:\/\/precimaq.com.br\/index.php?rest_route=\/wp\/v2\/pages\/1059","targetHints":{"allow":["GET"]}}],"collection":[{"href":"http:\/\/precimaq.com.br\/index.php?rest_route=\/wp\/v2\/pages"}],"about":[{"href":"http:\/\/precimaq.com.br\/index.php?rest_route=\/wp\/v2\/types\/page"}],"author":[{"embeddable":true,"href":"http:\/\/precimaq.com.br\/index.php?rest_route=\/wp\/v2\/users\/1"}],"replies":[{"embeddable":true,"href":"http:\/\/precimaq.com.br\/index.php?rest_route=%2Fwp%2Fv2%2Fcomments&post=1059"}],"version-history":[{"count":19,"href":"http:\/\/precimaq.com.br\/index.php?rest_route=\/wp\/v2\/pages\/1059\/revisions"}],"predecessor-version":[{"id":1864,"href":"http:\/\/precimaq.com.br\/index.php?rest_route=\/wp\/v2\/pages\/1059\/revisions\/1864"}],"up":[{"embeddable":true,"href":"http:\/\/precimaq.com.br\/index.php?rest_route=\/wp\/v2\/pages\/1255"}],"wp:attachment":[{"href":"http:\/\/precimaq.com.br\/index.php?rest_route=%2Fwp%2Fv2%2Fmedia&parent=1059"}],"curies":[{"name":"wp","href":"https:\/\/api.w.org\/{rel}","templated":true}]}}