{"id":1064,"date":"2020-04-27T16:42:06","date_gmt":"2020-04-27T16:42:06","guid":{"rendered":"http:\/\/precimaq.com.br\/?page_id=1064"},"modified":"2022-06-09T19:18:47","modified_gmt":"2022-06-09T19:18:47","slug":"tubos-anti-chama","status":"publish","type":"page","link":"http:\/\/precimaq.com.br\/?page_id=1064","title":{"rendered":"Tubos C\/Capa Anti-Chama"},"content":{"rendered":"\n<div class=\"wp-block-image is-style-default\"><figure class=\"alignleft size-large\"><img loading=\"lazy\" decoding=\"async\" width=\"400\" height=\"199\" src=\"http:\/\/precimaq.com.br\/wp-content\/uploads\/2020\/04\/TUBO-NYLON.-B-jpg-2.jpg\" alt=\"\" class=\"wp-image-1080\" srcset=\"http:\/\/precimaq.com.br\/wp-content\/uploads\/2020\/04\/TUBO-NYLON.-B-jpg-2.jpg 400w, http:\/\/precimaq.com.br\/wp-content\/uploads\/2020\/04\/TUBO-NYLON.-B-jpg-2-300x149.jpg 300w\" sizes=\"auto, (max-width: 400px) 100vw, 400px\" \/><\/figure><\/div>\n\n\n\n<p><\/p>\n\n\n\n<p><\/p>\n\n\n\n<p class=\"has-text-align-left\"><em style=\"\"><b>Aplica\u00e7\u00e3o : Automa\u00e7\u00e3o Industrial,  Industria <\/b><\/em><em style=\"\"><b>Automobil\u00edstica, Linhas de <\/b><\/em><strong><em>Rob\u00f3tica, Circuitos de Freio a Ar, Hidr\u00e1ulico e Pneum\u00e1tico<\/em><\/strong>. <strong><em>A Capa Anti-Chama Oferece Uma Maior Prote\u00e7\u00e3o a Fa\u00edscas e Respingos de Solda<\/em><\/strong> <\/p>\n\n\n\n<p><strong><em>Temperatura de Trabalho Tubo Interno:  &#8211; 40\u00baC \u00e0 +93\u00baC<\/em><\/strong><\/p>\n\n\n\n<p><strong><em>Normas : SAE J844 TIPO &#8220;A&#8221; e SAE J1394 TIPO &#8220;A&#8221;<\/em><\/strong>, <strong><em>DIM 73378 e DIM 74324<\/em><\/strong><\/p>\n\n\n\n<h2 class=\"has-text-align-center has-very-light-gray-color has-text-color wp-block-heading\"><strong>Tubos em Poliamida 11\/12 com Capa Protetora de PVC Anti-Chama<\/strong><\/h2>\n\n\n\n<table id=\"tablepress-46\" class=\"tablepress tablepress-id-46\">\n<thead>\n<tr class=\"row-1\">\n\t<th class=\"column-1\">N\/N\u00famero<\/th><th class=\"column-2\">Aplica\u00e7\u00e3o<\/th><th class=\"column-3\">Di\u00e2metro <br \/>\nExterno<\/th><th class=\"column-4\">Di\u00e2metro<br \/>\nInterno<\/th><th class=\"column-5\">Espessura <br \/>\nParede<\/th><th class=\"column-6\">Parede Capa<br \/>\nAnti-Chama<\/th>\n<\/tr>\n<\/thead>\n<tbody class=\"row-striping row-hover\">\n<tr class=\"row-2\">\n\t<td class=\"column-1\">T06040<\/td><td class=\"column-2\">Tubo Nylon Pa11 6x4<\/td><td class=\"column-3\">6.00<\/td><td class=\"column-4\">4.00<\/td><td class=\"column-5\">1.00<\/td><td class=\"column-6\">1.00<\/td>\n<\/tr>\n<tr class=\"row-3\">\n\t<td class=\"column-1\">T06343<\/td><td class=\"column-2\">Tubo Nylon PA11 1\/4\"<\/td><td class=\"column-3\">6.35<\/td><td class=\"column-4\">4.31<\/td><td class=\"column-5\">1.00<\/td><td class=\"column-6\">1.00<\/td>\n<\/tr>\n<tr class=\"row-4\">\n\t<td class=\"column-1\">T08060<\/td><td class=\"column-2\">Tubo Nylon Pa11 8x6<\/td><td class=\"column-3\">8.00<\/td><td class=\"column-4\">6.00<\/td><td class=\"column-5\">1.00<\/td><td class=\"column-6\">1.00<\/td>\n<\/tr>\n<tr class=\"row-5\">\n\t<td class=\"column-1\">T09563<\/td><td class=\"column-2\">Tubo Nylon Pa11 3\/8\"<\/td><td class=\"column-3\">9.53<\/td><td class=\"column-4\">6.35<\/td><td class=\"column-5\">1.59<\/td><td class=\"column-6\">1.00<\/td>\n<\/tr>\n<tr class=\"row-6\">\n\t<td class=\"column-1\">T10070<\/td><td class=\"column-2\">Tubo Nylon Pa11 10x7<\/td><td class=\"column-3\">10.00<\/td><td class=\"column-4\">7.00<\/td><td class=\"column-5\">1.50<\/td><td class=\"column-6\">1.00<\/td>\n<\/tr>\n<tr class=\"row-7\">\n\t<td class=\"column-1\">T12090<\/td><td class=\"column-2\">Tubo Nyonl Pa11 12x9<\/td><td class=\"column-3\">12.00<\/td><td class=\"column-4\">9.00<\/td><td class=\"column-5\">1.50<\/td><td class=\"column-6\">1.00<\/td>\n<\/tr>\n<tr class=\"row-8\">\n\t<td class=\"column-1\">T12795<\/td><td class=\"column-2\">Tubo Nylon Pa11 1\/2\"<\/td><td class=\"column-3\">12.70<\/td><td class=\"column-4\">9.53<\/td><td class=\"column-5\">1.59<\/td><td class=\"column-6\">1.00<\/td>\n<\/tr>\n<tr class=\"row-9\">\n\t<td class=\"column-1\">T16012<\/td><td class=\"column-2\">Tubo Nylon Pa11 16x12<\/td><td class=\"column-3\">16.00<\/td><td class=\"column-4\">12.00<\/td><td class=\"column-5\">2.00<\/td><td class=\"column-6\">1.00<\/td>\n<\/tr>\n<\/tbody>\n<\/table>\n<!-- #tablepress-46 from cache -->\n\n\n\n<p><\/p>\n\n\n\n<p><\/p>\n","protected":false},"excerpt":{"rendered":"<p>Aplica\u00e7\u00e3o : Automa\u00e7\u00e3o Industrial, Industria Automobil\u00edstica, Linhas de Rob\u00f3tica, Circuitos de Freio a Ar, Hidr\u00e1ulico e Pneum\u00e1tico. A Capa Anti-Chama Oferece Uma Maior Prote\u00e7\u00e3o a Fa\u00edscas e Respingos de Solda Temperatura de Trabalho Tubo Interno: &#8211; 40\u00baC \u00e0 +93\u00baC Normas : SAE J844 TIPO &#8220;A&#8221; e SAE J1394 TIPO &#8220;A&#8221;, DIM 73378 e DIM 74324<span class=\"read-more-faq\"><a href=\"http:\/\/precimaq.com.br\/?page_id=1064\">Read More<\/a><\/span><\/p>\n","protected":false},"author":1,"featured_media":0,"parent":1801,"menu_order":1,"comment_status":"closed","ping_status":"closed","template":"","meta":{"footnotes":""},"class_list":["post-1064","page","type-page","status-publish","hentry"],"_links":{"self":[{"href":"http:\/\/precimaq.com.br\/index.php?rest_route=\/wp\/v2\/pages\/1064","targetHints":{"allow":["GET"]}}],"collection":[{"href":"http:\/\/precimaq.com.br\/index.php?rest_route=\/wp\/v2\/pages"}],"about":[{"href":"http:\/\/precimaq.com.br\/index.php?rest_route=\/wp\/v2\/types\/page"}],"author":[{"embeddable":true,"href":"http:\/\/precimaq.com.br\/index.php?rest_route=\/wp\/v2\/users\/1"}],"replies":[{"embeddable":true,"href":"http:\/\/precimaq.com.br\/index.php?rest_route=%2Fwp%2Fv2%2Fcomments&post=1064"}],"version-history":[{"count":8,"href":"http:\/\/precimaq.com.br\/index.php?rest_route=\/wp\/v2\/pages\/1064\/revisions"}],"predecessor-version":[{"id":3103,"href":"http:\/\/precimaq.com.br\/index.php?rest_route=\/wp\/v2\/pages\/1064\/revisions\/3103"}],"up":[{"embeddable":true,"href":"http:\/\/precimaq.com.br\/index.php?rest_route=\/wp\/v2\/pages\/1801"}],"wp:attachment":[{"href":"http:\/\/precimaq.com.br\/index.php?rest_route=%2Fwp%2Fv2%2Fmedia&parent=1064"}],"curies":[{"name":"wp","href":"https:\/\/api.w.org\/{rel}","templated":true}]}}