{"id":1095,"date":"2020-04-27T18:32:44","date_gmt":"2020-04-27T18:32:44","guid":{"rendered":"http:\/\/precimaq.com.br\/?page_id=1095"},"modified":"2020-05-09T01:01:10","modified_gmt":"2020-05-09T01:01:10","slug":"tubos-em-pu","status":"publish","type":"page","link":"http:\/\/precimaq.com.br\/?page_id=1095","title":{"rendered":"Tubos em TPU"},"content":{"rendered":"\n<div class=\"wp-block-image is-style-default\"><figure class=\"alignleft size-large\"><img loading=\"lazy\" decoding=\"async\" width=\"393\" height=\"345\" src=\"http:\/\/precimaq.com.br\/wp-content\/uploads\/2020\/04\/Tubo-PU-7.jpg\" alt=\"\" class=\"wp-image-1216\" srcset=\"http:\/\/precimaq.com.br\/wp-content\/uploads\/2020\/04\/Tubo-PU-7.jpg 393w, http:\/\/precimaq.com.br\/wp-content\/uploads\/2020\/04\/Tubo-PU-7-300x263.jpg 300w\" sizes=\"auto, (max-width: 393px) 100vw, 393px\" \/><\/figure><\/div>\n\n\n\n<p><\/p>\n\n\n\n<p><\/p>\n\n\n\n<p><em><strong>Aplica\u00e7\u00f5es:  Circuitos Pneum\u00e1ticos, Rob\u00f3tica, Hidr\u00e1ulico e Industria Automobil\u00edstica<\/strong><\/em><\/p>\n\n\n\n<p><strong><em>Propriedades:  Alta Resist\u00eancia Mec\u00e2nica, Boa Resist\u00eancia \u00e0 Hidr\u00f3lise, a Dobras, Toler\u00e2ncia \u00e0 Compress\u00e3o,  Estabilidade T\u00e9rmica, , Excelente Flexibilidade, Inclusive&nbsp;Sob Baixas Temperaturas, Excepcional Raio de Curvatura, F\u00e1cil Manuseio e Instala\u00e7\u00e3o, \u00d3tima Capacidade de Amortecimento e Resist\u00eancia \u00e0 Abras\u00e3o<\/em><\/strong><\/p>\n\n\n\n<p><strong><em>Dureza de 98 Shore A<\/em><\/strong><\/p>\n\n\n\n<h2 class=\"has-text-align-center wp-block-heading\"><strong><span class=\"has-inline-color has-very-light-gray-color\">Tubos em Poliuretano<\/span><\/strong><\/h2>\n\n\n\n<table id=\"tablepress-56\" class=\"tablepress tablepress-id-56\">\n<thead>\n<tr class=\"row-1\">\n\t<th class=\"column-1\">N\/Numero<\/th><th class=\"column-2\">Di\u00e2metro <\/th><th class=\"column-3\">Externo<br \/>\nmm<\/th><th class=\"column-4\">Interno<br \/>\nmm<\/th><th class=\"column-5\">Espessura<br \/>\nParede<\/th><th class=\"column-6\">Press\u00e3o<br \/>\nTrabalho<\/th><th class=\"column-7\">Press\u00e3o<br \/>\nRuptura<\/th><th class=\"column-8\">Cor<br \/>\nTubo<\/th><th class=\"column-9\">Peso<br \/>\nGrs<\/th><th class=\"column-10\">Lance<br \/>\nRolo (Mt)<\/th>\n<\/tr>\n<\/thead>\n<tbody class=\"row-striping row-hover\">\n<tr class=\"row-2\">\n\t<td class=\"column-1\">U0402Z<\/td><td class=\"column-2\">4 x 2,5<\/td><td class=\"column-3\">4<\/td><td class=\"column-4\">2.5<\/td><td class=\"column-5\">0.75<\/td><td class=\"column-6\">100 Psi<\/td><td class=\"column-7\">300 Psi<\/td><td class=\"column-8\">Azul<\/td><td class=\"column-9\">15<\/td><td class=\"column-10\">100<\/td>\n<\/tr>\n<tr class=\"row-3\">\n\t<td class=\"column-1\">U0604Z<\/td><td class=\"column-2\">6 x 4<\/td><td class=\"column-3\">6<\/td><td class=\"column-4\">4<\/td><td class=\"column-5\">1<\/td><td class=\"column-6\">100 Psi<\/td><td class=\"column-7\">300 Psi<\/td><td class=\"column-8\">Azul<\/td><td class=\"column-9\">25<\/td><td class=\"column-10\">100<\/td>\n<\/tr>\n<tr class=\"row-4\">\n\t<td class=\"column-1\">U0634Z<\/td><td class=\"column-2\">1\/4\"<\/td><td class=\"column-3\">6,35<\/td><td class=\"column-4\">4,31<\/td><td class=\"column-5\">1<\/td><td class=\"column-6\">100 Psi<\/td><td class=\"column-7\">300 Psi<\/td><td class=\"column-8\">Azul<\/td><td class=\"column-9\">25<\/td><td class=\"column-10\">100<\/td>\n<\/tr>\n<tr class=\"row-5\">\n\t<td class=\"column-1\">U08050<\/td><td class=\"column-2\">8 X 5<\/td><td class=\"column-3\">8<\/td><td class=\"column-4\">5<\/td><td class=\"column-5\">1.5<\/td><td class=\"column-6\">125 Psi <\/td><td class=\"column-7\">375 Psi<\/td><td class=\"column-8\">Preto<\/td><td class=\"column-9\">30<\/td><td class=\"column-10\">100<\/td>\n<\/tr>\n<tr class=\"row-6\">\n\t<td class=\"column-1\">U0805C<\/td><td class=\"column-2\">8 X 5<\/td><td class=\"column-3\">8<\/td><td class=\"column-4\">5<\/td><td class=\"column-5\">1.5<\/td><td class=\"column-6\">125 Psi<\/td><td class=\"column-7\">375 Psi<\/td><td class=\"column-8\">Cinza<\/td><td class=\"column-9\">30<\/td><td class=\"column-10\">100<\/td>\n<\/tr>\n<tr class=\"row-7\">\n\t<td class=\"column-1\">U0805E<\/td><td class=\"column-2\">8 X 5<\/td><td class=\"column-3\">8<\/td><td class=\"column-4\">5<\/td><td class=\"column-5\">1.5<\/td><td class=\"column-6\">125 Psi<\/td><td class=\"column-7\">375 Psi<\/td><td class=\"column-8\">Vermelho<\/td><td class=\"column-9\">30<\/td><td class=\"column-10\">100<\/td>\n<\/tr>\n<tr class=\"row-8\">\n\t<td class=\"column-1\">U0805M<\/td><td class=\"column-2\">8 X 5<\/td><td class=\"column-3\">8<\/td><td class=\"column-4\">5<\/td><td class=\"column-5\">1.5<\/td><td class=\"column-6\">125 Psi<\/td><td class=\"column-7\">375 Psi<\/td><td class=\"column-8\">Amarelo<\/td><td class=\"column-9\">30<\/td><td class=\"column-10\">100<\/td>\n<\/tr>\n<tr class=\"row-9\">\n\t<td class=\"column-1\">U0805Z<\/td><td class=\"column-2\">8 X 5<\/td><td class=\"column-3\">8<\/td><td class=\"column-4\">5<\/td><td class=\"column-5\">1.5<\/td><td class=\"column-6\">125 Psi<\/td><td class=\"column-7\">375 Psi<\/td><td class=\"column-8\">Azul<\/td><td class=\"column-9\">30<\/td><td class=\"column-10\">100<\/td>\n<\/tr>\n<tr class=\"row-10\">\n\t<td class=\"column-1\">U08055<\/td><td class=\"column-2\">8 X 5,5<\/td><td class=\"column-3\">8<\/td><td class=\"column-4\">5.5<\/td><td class=\"column-5\">1.25<\/td><td class=\"column-6\">115 Psi<\/td><td class=\"column-7\">345 Psi<\/td><td class=\"column-8\">Preto<\/td><td class=\"column-9\">29<\/td><td class=\"column-10\">100<\/td>\n<\/tr>\n<tr class=\"row-11\">\n\t<td class=\"column-1\">U0805Z<\/td><td class=\"column-2\">8 X 5,5<\/td><td class=\"column-3\">8<\/td><td class=\"column-4\">5.5<\/td><td class=\"column-5\">1.25<\/td><td class=\"column-6\">115 Psi<\/td><td class=\"column-7\">345 Psi<\/td><td class=\"column-8\">Azul<\/td><td class=\"column-9\">29<\/td><td class=\"column-10\">100<\/td>\n<\/tr>\n<tr class=\"row-12\">\n\t<td class=\"column-1\">U08060<\/td><td class=\"column-2\">8 x 6<\/td><td class=\"column-3\">8<\/td><td class=\"column-4\">6<\/td><td class=\"column-5\">1<\/td><td class=\"column-6\">100 Psi<\/td><td class=\"column-7\">300 Psi<\/td><td class=\"column-8\">Preto<\/td><td class=\"column-9\">28<\/td><td class=\"column-10\">100<\/td>\n<\/tr>\n<tr class=\"row-13\">\n\t<td class=\"column-1\">U0806Z<\/td><td class=\"column-2\">8 x 6<\/td><td class=\"column-3\">8<\/td><td class=\"column-4\">6<\/td><td class=\"column-5\">1<\/td><td class=\"column-6\">100 Psi<\/td><td class=\"column-7\">300 Psi<\/td><td class=\"column-8\">Azul<\/td><td class=\"column-9\">28<\/td><td class=\"column-10\">100<\/td>\n<\/tr>\n<tr class=\"row-14\">\n\t<td class=\"column-1\">U0956Z<\/td><td class=\"column-2\">3\/8\" x 1\/4\"<\/td><td class=\"column-3\">9.53<\/td><td class=\"column-4\">6.35<\/td><td class=\"column-5\">1.59<\/td><td class=\"column-6\">100 Psi<\/td><td class=\"column-7\">300 Psi<\/td><td class=\"column-8\">Azul<\/td><td class=\"column-9\">50<\/td><td class=\"column-10\">50<\/td>\n<\/tr>\n<tr class=\"row-15\">\n\t<td class=\"column-1\">U1007Z<\/td><td class=\"column-2\">10 x 7<\/td><td class=\"column-3\">10<\/td><td class=\"column-4\">7<\/td><td class=\"column-5\">1.5<\/td><td class=\"column-6\">100 Psi<\/td><td class=\"column-7\">300 Psi<\/td><td class=\"column-8\">Azul<\/td><td class=\"column-9\">50<\/td><td class=\"column-10\">50<\/td>\n<\/tr>\n<tr class=\"row-16\">\n\t<td class=\"column-1\">U1208Z<\/td><td class=\"column-2\">12 x 8<\/td><td class=\"column-3\">12<\/td><td class=\"column-4\">8<\/td><td class=\"column-5\">2<\/td><td class=\"column-6\">90 Psi<\/td><td class=\"column-7\">270 Psi<\/td><td class=\"column-8\">Azul<\/td><td class=\"column-9\">70<\/td><td class=\"column-10\">50<\/td>\n<\/tr>\n<tr class=\"row-17\">\n\t<td class=\"column-1\">U1279Z<\/td><td class=\"column-2\">1\/2\" x 3\/8\"<\/td><td class=\"column-3\">12.7<\/td><td class=\"column-4\">9.53<\/td><td class=\"column-5\">1.59<\/td><td class=\"column-6\">90 Psi<\/td><td class=\"column-7\">270 Psi<\/td><td class=\"column-8\">Azul<\/td><td class=\"column-9\">80<\/td><td class=\"column-10\">50<\/td>\n<\/tr>\n<\/tbody>\n<\/table>\n<!-- #tablepress-56 from cache -->\n","protected":false},"excerpt":{"rendered":"<p>Aplica\u00e7\u00f5es: Circuitos Pneum\u00e1ticos, Rob\u00f3tica, Hidr\u00e1ulico e Industria Automobil\u00edstica Propriedades: Alta Resist\u00eancia Mec\u00e2nica, Boa Resist\u00eancia \u00e0 Hidr\u00f3lise, a Dobras, Toler\u00e2ncia \u00e0 Compress\u00e3o, Estabilidade T\u00e9rmica, , Excelente Flexibilidade, Inclusive&nbsp;Sob Baixas Temperaturas, Excepcional Raio de Curvatura, F\u00e1cil Manuseio e Instala\u00e7\u00e3o, \u00d3tima Capacidade de Amortecimento e Resist\u00eancia \u00e0 Abras\u00e3o Dureza de 98 Shore A Tubos em Poliuretano<\/p>\n","protected":false},"author":1,"featured_media":0,"parent":1255,"menu_order":3,"comment_status":"closed","ping_status":"closed","template":"","meta":{"footnotes":""},"class_list":["post-1095","page","type-page","status-publish","hentry"],"_links":{"self":[{"href":"http:\/\/precimaq.com.br\/index.php?rest_route=\/wp\/v2\/pages\/1095","targetHints":{"allow":["GET"]}}],"collection":[{"href":"http:\/\/precimaq.com.br\/index.php?rest_route=\/wp\/v2\/pages"}],"about":[{"href":"http:\/\/precimaq.com.br\/index.php?rest_route=\/wp\/v2\/types\/page"}],"author":[{"embeddable":true,"href":"http:\/\/precimaq.com.br\/index.php?rest_route=\/wp\/v2\/users\/1"}],"replies":[{"embeddable":true,"href":"http:\/\/precimaq.com.br\/index.php?rest_route=%2Fwp%2Fv2%2Fcomments&post=1095"}],"version-history":[{"count":36,"href":"http:\/\/precimaq.com.br\/index.php?rest_route=\/wp\/v2\/pages\/1095\/revisions"}],"predecessor-version":[{"id":1873,"href":"http:\/\/precimaq.com.br\/index.php?rest_route=\/wp\/v2\/pages\/1095\/revisions\/1873"}],"up":[{"embeddable":true,"href":"http:\/\/precimaq.com.br\/index.php?rest_route=\/wp\/v2\/pages\/1255"}],"wp:attachment":[{"href":"http:\/\/precimaq.com.br\/index.php?rest_route=%2Fwp%2Fv2%2Fmedia&parent=1095"}],"curies":[{"name":"wp","href":"https:\/\/api.w.org\/{rel}","templated":true}]}}