{"id":1297,"date":"2020-04-30T17:04:00","date_gmt":"2020-04-30T17:04:00","guid":{"rendered":"http:\/\/precimaq.com.br\/?page_id=1297"},"modified":"2021-10-12T17:36:09","modified_gmt":"2021-10-12T17:36:09","slug":"pistola-pneumatica","status":"publish","type":"page","link":"http:\/\/precimaq.com.br\/?page_id=1297","title":{"rendered":"Pistola Pneum\u00e1tica"},"content":{"rendered":"\n<h2 class=\"has-text-align-center wp-block-heading\"><strong><span class=\"has-inline-color has-very-light-gray-color\">Pistola Pneum\u00e1tica para Ar Comprimido e Limpeza<\/span><\/strong><\/h2>\n\n\n\n<div class=\"wp-block-image is-style-default\"><figure class=\"alignleft size-large is-resized\"><img loading=\"lazy\" decoding=\"async\" src=\"http:\/\/precimaq.com.br\/wp-content\/uploads\/2020\/04\/6309_bico_de_ar_para_limpeza_modelo_6-3.jpg\" alt=\"\" class=\"wp-image-1314\" width=\"320\" height=\"320\" srcset=\"http:\/\/precimaq.com.br\/wp-content\/uploads\/2020\/04\/6309_bico_de_ar_para_limpeza_modelo_6-3.jpg 500w, http:\/\/precimaq.com.br\/wp-content\/uploads\/2020\/04\/6309_bico_de_ar_para_limpeza_modelo_6-3-300x300.jpg 300w, http:\/\/precimaq.com.br\/wp-content\/uploads\/2020\/04\/6309_bico_de_ar_para_limpeza_modelo_6-3-150x150.jpg 150w, http:\/\/precimaq.com.br\/wp-content\/uploads\/2020\/04\/6309_bico_de_ar_para_limpeza_modelo_6-3-450x450.jpg 450w\" sizes=\"auto, (max-width: 320px) 100vw, 320px\" \/><\/figure><\/div>\n\n\n\n<div class=\"wp-block-image is-style-default\"><figure class=\"alignright size-large is-resized\"><img loading=\"lazy\" decoding=\"async\" src=\"http:\/\/precimaq.com.br\/wp-content\/uploads\/2020\/04\/41447_pistola_de_ar_para_limpeza_com_corpo_em_nylon_pl_008-2.jpg\" alt=\"\" class=\"wp-image-1315\" width=\"277\" height=\"277\" srcset=\"http:\/\/precimaq.com.br\/wp-content\/uploads\/2020\/04\/41447_pistola_de_ar_para_limpeza_com_corpo_em_nylon_pl_008-2.jpg 500w, http:\/\/precimaq.com.br\/wp-content\/uploads\/2020\/04\/41447_pistola_de_ar_para_limpeza_com_corpo_em_nylon_pl_008-2-300x300.jpg 300w, http:\/\/precimaq.com.br\/wp-content\/uploads\/2020\/04\/41447_pistola_de_ar_para_limpeza_com_corpo_em_nylon_pl_008-2-150x150.jpg 150w, http:\/\/precimaq.com.br\/wp-content\/uploads\/2020\/04\/41447_pistola_de_ar_para_limpeza_com_corpo_em_nylon_pl_008-2-450x450.jpg 450w\" sizes=\"auto, (max-width: 277px) 100vw, 277px\" \/><\/figure><\/div>\n\n\n\n<p class=\"has-text-align-center\" style=\"font-size:30px\"><em><strong>Corpo em Nylon<\/strong><\/em><\/p>\n\n\n\n<p class=\"has-text-align-center\" style=\"font-size:30px\"><strong><em>Bot\u00e3o em Lat\u00e3o Niquelado<\/em> <\/strong><\/p>\n\n\n\n<p class=\"has-text-align-center\" style=\"font-size:30px\"><em><strong>Veda\u00e7\u00e3o em Borracha Nitr\u00edlica<\/strong><\/em><\/p>\n\n\n\n<p><\/p>\n\n\n\n<p><\/p>\n\n\n\n<h2 class=\"has-text-align-center wp-block-heading\"><span class=\"has-inline-color has-very-light-gray-color\"><strong>Pistola Com Tubo Flex\u00edvel para Lubrifica\u00e7\u00e3o e Pulveriza\u00e7\u00e3o  <\/strong><\/span><\/h2>\n\n\n\n<div class=\"wp-block-image is-style-default\"><figure class=\"aligncenter size-large is-resized\"><img loading=\"lazy\" decoding=\"async\" src=\"http:\/\/precimaq.com.br\/wp-content\/uploads\/2020\/04\/images-1.jpg\" alt=\"\" class=\"wp-image-1308\" width=\"385\" height=\"385\" srcset=\"http:\/\/precimaq.com.br\/wp-content\/uploads\/2020\/04\/images-1.jpg 225w, http:\/\/precimaq.com.br\/wp-content\/uploads\/2020\/04\/images-1-150x150.jpg 150w\" sizes=\"auto, (max-width: 385px) 100vw, 385px\" \/><\/figure><\/div>\n\n\n\n<p><\/p>\n\n\n\n<h2 class=\"has-text-align-center wp-block-heading\"><strong><em><span class=\"has-inline-color has-very-light-gray-color\">Pistola com Tubo Met\u00e1lico Reto ou Ponta Curvada na Medidas de 50 \/ 75 \/ 100 \/ 125 \/ 150 \/ 200mm<\/span><\/em><\/strong><\/h2>\n\n\n\n<div class=\"wp-block-group\"><div class=\"wp-block-group__inner-container is-layout-flow wp-block-group-is-layout-flow\">\n<div class=\"wp-block-image is-style-default\"><figure class=\"alignleft size-large is-resized\"><img loading=\"lazy\" decoding=\"async\" src=\"http:\/\/precimaq.com.br\/wp-content\/uploads\/2020\/04\/pisola-curva.jpg\" alt=\"\" class=\"wp-image-1318\" width=\"566\" height=\"254\" srcset=\"http:\/\/precimaq.com.br\/wp-content\/uploads\/2020\/04\/pisola-curva.jpg 878w, http:\/\/precimaq.com.br\/wp-content\/uploads\/2020\/04\/pisola-curva-300x135.jpg 300w, http:\/\/precimaq.com.br\/wp-content\/uploads\/2020\/04\/pisola-curva-768x346.jpg 768w\" sizes=\"auto, (max-width: 566px) 100vw, 566px\" \/><\/figure><\/div>\n<\/div><\/div>\n\n\n\n<div class=\"wp-block-image is-style-default\"><figure class=\"alignright size-large is-resized\"><img loading=\"lazy\" decoding=\"async\" src=\"http:\/\/precimaq.com.br\/wp-content\/uploads\/2020\/04\/bico_de_limpeza_modelo_6_sl_arprex_89201441_0001_600x600-2.jpg\" alt=\"\" class=\"wp-image-1316\" width=\"519\" height=\"519\" srcset=\"http:\/\/precimaq.com.br\/wp-content\/uploads\/2020\/04\/bico_de_limpeza_modelo_6_sl_arprex_89201441_0001_600x600-2.jpg 600w, http:\/\/precimaq.com.br\/wp-content\/uploads\/2020\/04\/bico_de_limpeza_modelo_6_sl_arprex_89201441_0001_600x600-2-300x300.jpg 300w, http:\/\/precimaq.com.br\/wp-content\/uploads\/2020\/04\/bico_de_limpeza_modelo_6_sl_arprex_89201441_0001_600x600-2-150x150.jpg 150w, http:\/\/precimaq.com.br\/wp-content\/uploads\/2020\/04\/bico_de_limpeza_modelo_6_sl_arprex_89201441_0001_600x600-2-450x450.jpg 450w\" sizes=\"auto, (max-width: 519px) 100vw, 519px\" \/><\/figure><\/div>\n\n\n","protected":false},"excerpt":{"rendered":"<p>Pistola Pneum\u00e1tica para Ar Comprimido e Limpeza Corpo em Nylon Bot\u00e3o em Lat\u00e3o Niquelado Veda\u00e7\u00e3o em Borracha Nitr\u00edlica Pistola Com Tubo Flex\u00edvel para Lubrifica\u00e7\u00e3o e Pulveriza\u00e7\u00e3o Pistola com Tubo Met\u00e1lico Reto ou Ponta Curvada na Medidas de 50 \/ 75 \/ 100 \/ 125 \/ 150 \/ 200mm<\/p>\n","protected":false},"author":1,"featured_media":0,"parent":524,"menu_order":0,"comment_status":"closed","ping_status":"closed","template":"","meta":{"footnotes":""},"class_list":["post-1297","page","type-page","status-publish","hentry"],"_links":{"self":[{"href":"http:\/\/precimaq.com.br\/index.php?rest_route=\/wp\/v2\/pages\/1297","targetHints":{"allow":["GET"]}}],"collection":[{"href":"http:\/\/precimaq.com.br\/index.php?rest_route=\/wp\/v2\/pages"}],"about":[{"href":"http:\/\/precimaq.com.br\/index.php?rest_route=\/wp\/v2\/types\/page"}],"author":[{"embeddable":true,"href":"http:\/\/precimaq.com.br\/index.php?rest_route=\/wp\/v2\/users\/1"}],"replies":[{"embeddable":true,"href":"http:\/\/precimaq.com.br\/index.php?rest_route=%2Fwp%2Fv2%2Fcomments&post=1297"}],"version-history":[{"count":47,"href":"http:\/\/precimaq.com.br\/index.php?rest_route=\/wp\/v2\/pages\/1297\/revisions"}],"predecessor-version":[{"id":3068,"href":"http:\/\/precimaq.com.br\/index.php?rest_route=\/wp\/v2\/pages\/1297\/revisions\/3068"}],"up":[{"embeddable":true,"href":"http:\/\/precimaq.com.br\/index.php?rest_route=\/wp\/v2\/pages\/524"}],"wp:attachment":[{"href":"http:\/\/precimaq.com.br\/index.php?rest_route=%2Fwp%2Fv2%2Fmedia&parent=1297"}],"curies":[{"name":"wp","href":"https:\/\/api.w.org\/{rel}","templated":true}]}}