{"id":1880,"date":"2020-05-09T14:55:46","date_gmt":"2020-05-09T14:55:46","guid":{"rendered":"http:\/\/precimaq.com.br\/?page_id=1880"},"modified":"2020-06-24T18:10:05","modified_gmt":"2020-06-24T18:10:05","slug":"engate-rapido","status":"publish","type":"page","link":"http:\/\/precimaq.com.br\/?page_id=1880","title":{"rendered":"Engate R\u00e1pido Hidr\u00e1ulico"},"content":{"rendered":"\n<div class=\"wp-block-image is-style-default\"><figure class=\"alignleft size-full is-resized\"><img loading=\"lazy\" decoding=\"async\" src=\"http:\/\/precimaq.com.br\/wp-content\/uploads\/2020\/05\/Engate-aberto.jpg\" alt=\"\" class=\"wp-image-1981\" width=\"493\" height=\"470\" srcset=\"http:\/\/precimaq.com.br\/wp-content\/uploads\/2020\/05\/Engate-aberto.jpg 675w, http:\/\/precimaq.com.br\/wp-content\/uploads\/2020\/05\/Engate-aberto-300x286.jpg 300w\" sizes=\"auto, (max-width: 493px) 100vw, 493px\" \/><\/figure><\/div>\n\n\n\n<p class=\"has-text-align-left\"><strong>A ISO 7241: 2014 especifica as dimens\u00f5es da interface e os requisitos b\u00e1sicos de desempenho para duas s\u00e9ries de acoplamentos hidr\u00e1ulicos de a\u00e7\u00e3o r\u00e1pida.&nbsp;Ambas as s\u00e9ries s\u00e3o amplamente utilizadas e t\u00eam vantagens tecnol\u00f3gicas semelhantes.&nbsp;A S\u00e9rie A \u00e9 usada predominantemente na Europa e \u00e9 preferida em todo o mundo para m\u00e1quinas agr\u00edcolas e florestais, e a ISO 7241: 2014 tamb\u00e9m especifica requisitos adicionais para a S\u00e9rie A para uso em aplica\u00e7\u00f5es de m\u00e1quinas agr\u00edcolas cobertas pela ISO 5675.<\/strong><\/p>\n\n\n\n<p style=\"font-size:22px\" class=\"has-text-align-center\"><strong>Tampa Protetora p\/Engate R\u00e1pido 1\/2&#8243; e 1&#8243;<\/strong><\/p>\n\n\n\n<div class=\"wp-block-image is-style-default\"><figure class=\"alignright size-large is-resized\"><img loading=\"lazy\" decoding=\"async\" src=\"http:\/\/precimaq.com.br\/wp-content\/uploads\/2020\/05\/Tampa-amarela.jpg\" alt=\"\" class=\"wp-image-2341\" width=\"374\" height=\"213\" srcset=\"http:\/\/precimaq.com.br\/wp-content\/uploads\/2020\/05\/Tampa-amarela.jpg 776w, http:\/\/precimaq.com.br\/wp-content\/uploads\/2020\/05\/Tampa-amarela-300x172.jpg 300w, http:\/\/precimaq.com.br\/wp-content\/uploads\/2020\/05\/Tampa-amarela-768x439.jpg 768w\" sizes=\"auto, (max-width: 374px) 100vw, 374px\" \/><\/figure><\/div>\n\n\n\n<div class=\"wp-block-group\"><div class=\"wp-block-group__inner-container is-layout-flow wp-block-group-is-layout-flow\">\n<div class=\"wp-block-group\"><div class=\"wp-block-group__inner-container is-layout-flow wp-block-group-is-layout-flow\">\n<div class=\"wp-block-group\"><div class=\"wp-block-group__inner-container is-layout-flow wp-block-group-is-layout-flow\">\n<div class=\"wp-block-group is-layout-flow wp-block-group-is-layout-flow\"><div class=\"wp-block-group__inner-container\"><\/div><\/div>\n<\/div><\/div>\n<\/div><\/div>\n<\/div><\/div>\n\n\n\n<h2 class=\"has-text-align-center wp-block-heading\"><strong><span class=\"has-inline-color has-very-light-gray-color\">Engate R\u00e1pido Hidr\u00e1ulico Padr\u00e3o ISO 7241: 2014<\/span><\/strong><\/h2>\n\n\n\n<div class=\"wp-block-group\"><div class=\"wp-block-group__inner-container is-layout-flow wp-block-group-is-layout-flow\">\n<div class=\"wp-block-group\"><div class=\"wp-block-group__inner-container is-layout-flow wp-block-group-is-layout-flow\">\n<div class=\"wp-block-group\"><div class=\"wp-block-group__inner-container is-layout-flow wp-block-group-is-layout-flow\">\n<div class=\"wp-block-image is-style-default\"><figure class=\"alignleft size-large is-resized\"><img loading=\"lazy\" decoding=\"async\" src=\"http:\/\/precimaq.com.br\/wp-content\/uploads\/2020\/05\/carreta-basculante1.jpg\" alt=\"\" class=\"wp-image-2407\" width=\"354\" height=\"244\" srcset=\"http:\/\/precimaq.com.br\/wp-content\/uploads\/2020\/05\/carreta-basculante1.jpg 338w, http:\/\/precimaq.com.br\/wp-content\/uploads\/2020\/05\/carreta-basculante1-300x207.jpg 300w\" sizes=\"auto, (max-width: 354px) 100vw, 354px\" \/><\/figure><\/div>\n<\/div><\/div>\n<\/div><\/div>\n<\/div><\/div>\n\n\n\n<div class=\"wp-block-group\"><div class=\"wp-block-group__inner-container is-layout-flow wp-block-group-is-layout-flow\">\n<div class=\"wp-block-image is-style-default\"><figure class=\"alignright size-large is-resized\"><img loading=\"lazy\" decoding=\"async\" src=\"http:\/\/precimaq.com.br\/wp-content\/uploads\/2020\/05\/carreta-basculante.jpg\" alt=\"\" class=\"wp-image-2405\" width=\"341\" height=\"236\" srcset=\"http:\/\/precimaq.com.br\/wp-content\/uploads\/2020\/05\/carreta-basculante.jpg 650w, http:\/\/precimaq.com.br\/wp-content\/uploads\/2020\/05\/carreta-basculante-300x208.jpg 300w\" sizes=\"auto, (max-width: 341px) 100vw, 341px\" \/><\/figure><\/div>\n<\/div><\/div>\n\n\n\n<p><\/p>\n\n\n\n<p><\/p>\n\n\n\n<p class=\"has-text-align-center has-medium-font-size\"><span class=\"has-inline-color has-very-light-gray-color\"><strong>Linha 1612 e 16 Montado pelos Principais Fabricantes de Ca\u00e7amba Basculantes do Brasil<\/strong><\/span><\/p>\n\n\n\n<table id=\"tablepress-15\" class=\"tablepress tablepress-id-15 tbody-has-connected-cells\">\n<thead>\n<tr class=\"row-1\">\n\t<th class=\"column-1\">N\/Numero SWL<\/th><th class=\"column-2\">Linha<\/th><th class=\"column-3\">Aplica\u00e7\u00e3o<\/th><th class=\"column-4\">Imagem<\/th>\n<\/tr>\n<\/thead>\n<tbody class=\"row-striping row-hover\">\n<tr class=\"row-2\">\n\t<td class=\"column-1\">EHCO12<\/td><td class=\"column-2\">Hidr\u00e1ulica<\/td><td class=\"column-3\">CORPO ENGATE F\u00caMEA R\u00c1PIDO 3\/4\"NPT<\/td><td rowspan=\"5\" class=\"column-4\"><img loading=\"lazy\" decoding=\"async\" src=\"http:\/\/precimaq.com.br\/wp-content\/uploads\/2020\/05\/corpofemea-e1589087579506-300x154.jpg\" alt=\"\" width=\"200\" height=\"77\" class=\"alignnone size-medium wp-image-1906\" \/><\/td>\n<\/tr>\n<tr class=\"row-3\">\n\t<td class=\"column-1\">EHC1612<\/td><td class=\"column-2\">Hidr\u00e1ulica<\/td><td class=\"column-3\">CORPO ENGATE F\u00caMEA R\u00c1PIDO CORPO 1\" X ROSCA 3\/4\"NPT<\/td>\n<\/tr>\n<tr class=\"row-4\">\n\t<td class=\"column-1\">EHCO16<\/td><td class=\"column-2\">Hidr\u00e1ulica<\/td><td class=\"column-3\">CORPO ENGATE F\u00caMEA R\u00c1PIDO DE 1\"NPT<\/td>\n<\/tr>\n<tr class=\"row-5\">\n\t<td class=\"column-1\">EHCO16B<\/td><td class=\"column-2\">Hidr\u00e1ulica<\/td><td class=\"column-3\">CORPO ENGATE F\u00caMEA R\u00c1PIDO DE 1\" BSP<\/td>\n<\/tr>\n<tr class=\"row-6\">\n\t<td class=\"column-1\">EHCI16B<\/td><td class=\"column-2\">Hidr\u00e1ulica<\/td><td class=\"column-3\">CORPO ENGATE INTERI\u00c7O R\u00c1PIDO F\u00caMEA DE 1\" BSP <\/td>\n<\/tr>\n<tr class=\"row-7\">\n\t<td colspan=\"4\" class=\"column-1\"><\/td>\n<\/tr>\n<tr class=\"row-8\">\n\t<td class=\"column-1\">EHFC06<\/td><td class=\"column-2\">Hidr\u00e1ulica<\/td><td class=\"column-3\">Engate R\u00e1pido F\u00eamea Rosca 3\/8\"Npt<\/td><td rowspan=\"6\" class=\"column-4\"><img loading=\"lazy\" decoding=\"async\" src=\"http:\/\/precimaq.com.br\/wp-content\/uploads\/2020\/05\/engatehidra-e1589088061373-300x124.jpg\" alt=\"\" width=\"200\" height=\"62\" class=\"alignnone size-medium wp-image-1908\" \/><\/td>\n<\/tr>\n<tr class=\"row-9\">\n\t<td class=\"column-1\">EHF1612<\/td><td class=\"column-2\">Hidr\u00e1ulica<\/td><td class=\"column-3\">Engate R\u00e1pido F\u00eamea Corpo 1\" x Rosca 3\/4\"Npt<\/td>\n<\/tr>\n<tr class=\"row-10\">\n\t<td class=\"column-1\">EHFC12<\/td><td class=\"column-2\">Hidr\u00e1ulica<\/td><td class=\"column-3\">ENGATE R\u00c1PIDO F\u00caMEA DE 3\/4\"NPT COMPLETO<\/td>\n<\/tr>\n<tr class=\"row-11\">\n\t<td class=\"column-1\">EHFC16<\/td><td class=\"column-2\">Hidr\u00e1ulica<\/td><td class=\"column-3\">ENGATE R\u00c1PIDO F\u00caMEA DE 1\"NPT  COMPLETO<\/td>\n<\/tr>\n<tr class=\"row-12\">\n\t<td class=\"column-1\">EHFC16B<\/td><td class=\"column-2\">Hidr\u00e1ulica<\/td><td class=\"column-3\">ENGATE R\u00c1PIDO F\u00caMEA DE 1\"BSP COMPLETO<\/td>\n<\/tr>\n<tr class=\"row-13\">\n\t<td class=\"column-1\">EHFI16B<\/td><td class=\"column-2\">Hidr\u00e1ulica<\/td><td class=\"column-3\">ENGATE R\u00c1PIDO F\u00caMEA INTEIRI\u00c7O DE 1\"BSP  COMPLETO<\/td>\n<\/tr>\n<tr class=\"row-14\">\n\t<td colspan=\"4\" class=\"column-1\"><\/td>\n<\/tr>\n<tr class=\"row-15\">\n\t<td class=\"column-1\">EHPF12<\/td><td class=\"column-2\">Hidr\u00e1ulica<\/td><td class=\"column-3\">PINO ENGATE R\u00c1PIDO ROSCA F\u00caMEA DE 3\/4\"NPT<\/td><td rowspan=\"5\" class=\"column-4\"><img loading=\"lazy\" decoding=\"async\" src=\"http:\/\/precimaq.com.br\/wp-content\/uploads\/2020\/05\/Pinofemea-e1589087042321-300x175.jpg\" alt=\"\" width=\"200\" height=\"87\" class=\"alignnone size-medium wp-image-1904\" \/><\/td>\n<\/tr>\n<tr class=\"row-16\">\n\t<td class=\"column-1\">EHP1612<\/td><td class=\"column-2\">Hidr\u00e1ulica<\/td><td class=\"column-3\">PINO ENGATE R\u00c1PIDO CORPO DE 1\" X ROSCA F\u00caMEA DE 3\/4\"NPT<\/td>\n<\/tr>\n<tr class=\"row-17\">\n\t<td class=\"column-1\">EHPF16<\/td><td class=\"column-2\">Hidr\u00e1ulico <\/td><td class=\"column-3\">PINO ENGATE R\u00c1PIDO ROSCA F\u00caMEA DE 1\"NPT<\/td>\n<\/tr>\n<tr class=\"row-18\">\n\t<td class=\"column-1\">EHPF16B<\/td><td class=\"column-2\">Hidr\u00e1ulica<br \/>\n<\/td><td class=\"column-3\">PINO ENGATE R\u00c1PIDO ROSCA F\u00caMEA DE 1\" BSP<\/td>\n<\/tr>\n<tr class=\"row-19\">\n\t<td class=\"column-1\">EHPI16B<\/td><td class=\"column-2\">Hidr\u00e1ulica<\/td><td class=\"column-3\">PINO  ENGATE INTERI\u00c7O R\u00c1PIDO ROSCA F\u00caMEA DE 1\" BSP <\/td>\n<\/tr>\n<tr class=\"row-20\">\n\t<td colspan=\"4\" class=\"column-1\"><\/td>\n<\/tr>\n<tr class=\"row-21\">\n\t<td class=\"column-1\">EHCO08<\/td><td class=\"column-2\">Hidr\u00e1ulico Agr\u00edcola<\/td><td class=\"column-3\">CORPO ENGATE F\u00caMEA R\u00c1PIDO 1\/2\"NPT <\/td><td rowspan=\"5\" class=\"column-4\"><img loading=\"lazy\" decoding=\"async\" src=\"http:\/\/precimaq.com.br\/wp-content\/uploads\/2020\/05\/Engate_08-A-e1589482896795-300x167.jpg\" alt=\"\" width=\"200\" height=\"83\" class=\"alignnone size-medium wp-image-2187\" \/><\/td>\n<\/tr>\n<tr class=\"row-22\">\n\t<td class=\"column-1\">EHCO08C<\/td><td class=\"column-2\">Hidr\u00e1ulico Agr\u00edcola<\/td><td class=\"column-3\">CORPO ENGATE F\u00caMEA R\u00c1PIDO 1\/2\"NPT (Curto)<\/td>\n<\/tr>\n<tr class=\"row-23\">\n\t<td class=\"column-1\">EHFC08<\/td><td class=\"column-2\">Hidr\u00e1ulico Agr\u00edcola<\/td><td class=\"column-3\">Engate R\u00e1pido F\u00eamea Agr\u00edcola de 1\/2\"Npt Completo <\/td>\n<\/tr>\n<tr class=\"row-24\">\n\t<td class=\"column-1\">EHFC08C<\/td><td class=\"column-2\">Hidr\u00e1ulico Agr\u00edcola<\/td><td class=\"column-3\">Engate R\u00e1pido F\u00eamea Agr\u00edcola de 1\/2\"Npt Completo (Curto)<\/td>\n<\/tr>\n<tr class=\"row-25\">\n\t<td class=\"column-1\">EHPF08<\/td><td class=\"column-2\">Hidr\u00e1ulico Agr\u00edcola<\/td><td class=\"column-3\">PINO ENGATE R\u00c1PIDO ROSCA F\u00caMEA  DE 1\/2\"NPT<\/td>\n<\/tr>\n<tr class=\"row-26\">\n\t<td colspan=\"4\" class=\"column-1\"><\/td>\n<\/tr>\n<tr class=\"row-27\">\n\t<td class=\"column-1\">PERF08<\/td><td rowspan=\"2\" class=\"column-2\">Protetor Quando Desacoplado<\/td><td class=\"column-3\">Tampa Protetora p\/ Engate R\u00e1pido F\u00eamea 1\/2\"<\/td><td rowspan=\"2\" class=\"column-4\"><img loading=\"lazy\" decoding=\"async\" src=\"http:\/\/precimaq.com.br\/wp-content\/uploads\/2020\/05\/PERM08-PERFM16-300x135.jpg\" alt=\"\" width=\"200\" height=\"70\" class=\"alignnone size-medium wp-image-2232\" \/><\/td>\n<\/tr>\n<tr class=\"row-28\">\n\t<td class=\"column-1\">PERF16<\/td><td class=\"column-3\">Tampa Protetora p\/ Engate R\u00e1pido F\u00eamea 1\"<\/td>\n<\/tr>\n<tr class=\"row-29\">\n\t<td class=\"column-1\">PERM08<\/td><td rowspan=\"2\" class=\"column-2\">Protetor Quando Desacoplado<\/td><td class=\"column-3\">Tampa Protetora p\/ Engate R\u00e1pido Macho  1\/2\"<\/td><td rowspan=\"2\" class=\"column-4\"><img loading=\"lazy\" decoding=\"async\" src=\"http:\/\/precimaq.com.br\/wp-content\/uploads\/2020\/05\/PERF08-PERFF16-300x163.jpg\" alt=\"\" width=\"200\" height=\"82\" class=\"alignnone size-medium wp-image-2231\" \/><\/td>\n<\/tr>\n<tr class=\"row-30\">\n\t<td class=\"column-1\">PERM16<\/td><td class=\"column-3\">Tampa Protetora  p\/ Engate R\u00e1pido Macho 1\"<\/td>\n<\/tr>\n<tr class=\"row-31\">\n\t<td class=\"column-1\">PERAF08<\/td><td rowspan=\"2\" class=\"column-2\">Fechamento Autom\u00e1tico Quando Desacoplado<\/td><td class=\"column-3\">Tampa Protetora Autom\u00e1tico p\/ Engate R\u00e1pido F\u00eamea  1\/2\" <\/td><td rowspan=\"2\" class=\"column-4\"><img loading=\"lazy\" decoding=\"async\" src=\"http:\/\/precimaq.com.br\/wp-content\/uploads\/2020\/05\/Tampa1.jpg\" alt=\"\" width=\"93\" height=\"79\" class=\"alignnone size-full wp-image-2355\" \/><\/td>\n<\/tr>\n<tr class=\"row-32\">\n\t<td class=\"column-1\">PERAF16<\/td><td class=\"column-3\">Tampa Protetora Autom\u00e1tico  p\/ Engate R\u00e1pido  F\u00eamea 1\"<\/td>\n<\/tr>\n<\/tbody>\n<\/table>\n<!-- #tablepress-15 from cache -->\n\n\n\n<h2 class=\"has-text-align-center wp-block-heading\"><span class=\"has-inline-color has-luminous-vivid-amber-color\"><strong>Tampa Protetora p\/Engate R\u00e1pido 1\/2&#8243; e  1&#8243;<\/strong> <\/span><\/h2>\n\n\n\n<h2 class=\"has-text-align-center wp-block-heading\"><span class=\"has-inline-color has-luminous-vivid-amber-color\"><strong>Autom\u00e1tico e Manual<\/strong><\/span><\/h2>\n\n\n\n<p><\/p>\n","protected":false},"excerpt":{"rendered":"<p>A ISO 7241: 2014 especifica as dimens\u00f5es da interface e os requisitos b\u00e1sicos de desempenho para duas s\u00e9ries de acoplamentos hidr\u00e1ulicos de a\u00e7\u00e3o r\u00e1pida.&nbsp;Ambas as s\u00e9ries s\u00e3o amplamente utilizadas e t\u00eam vantagens tecnol\u00f3gicas semelhantes.&nbsp;A S\u00e9rie A \u00e9 usada predominantemente na Europa e \u00e9 preferida em todo o mundo para m\u00e1quinas agr\u00edcolas e florestais, e a<span class=\"read-more-faq\"><a href=\"http:\/\/precimaq.com.br\/?page_id=1880\">Read More<\/a><\/span><\/p>\n","protected":false},"author":1,"featured_media":0,"parent":1969,"menu_order":0,"comment_status":"closed","ping_status":"closed","template":"","meta":{"footnotes":""},"class_list":["post-1880","page","type-page","status-publish","hentry"],"_links":{"self":[{"href":"http:\/\/precimaq.com.br\/index.php?rest_route=\/wp\/v2\/pages\/1880","targetHints":{"allow":["GET"]}}],"collection":[{"href":"http:\/\/precimaq.com.br\/index.php?rest_route=\/wp\/v2\/pages"}],"about":[{"href":"http:\/\/precimaq.com.br\/index.php?rest_route=\/wp\/v2\/types\/page"}],"author":[{"embeddable":true,"href":"http:\/\/precimaq.com.br\/index.php?rest_route=\/wp\/v2\/users\/1"}],"replies":[{"embeddable":true,"href":"http:\/\/precimaq.com.br\/index.php?rest_route=%2Fwp%2Fv2%2Fcomments&post=1880"}],"version-history":[{"count":133,"href":"http:\/\/precimaq.com.br\/index.php?rest_route=\/wp\/v2\/pages\/1880\/revisions"}],"predecessor-version":[{"id":2883,"href":"http:\/\/precimaq.com.br\/index.php?rest_route=\/wp\/v2\/pages\/1880\/revisions\/2883"}],"up":[{"embeddable":true,"href":"http:\/\/precimaq.com.br\/index.php?rest_route=\/wp\/v2\/pages\/1969"}],"wp:attachment":[{"href":"http:\/\/precimaq.com.br\/index.php?rest_route=%2Fwp%2Fv2%2Fmedia&parent=1880"}],"curies":[{"name":"wp","href":"https:\/\/api.w.org\/{rel}","templated":true}]}}