{"id":2241,"date":"2020-05-16T19:46:12","date_gmt":"2020-05-16T19:46:12","guid":{"rendered":"http:\/\/precimaq.com.br\/?page_id=2241"},"modified":"2020-05-17T02:59:25","modified_gmt":"2020-05-17T02:59:25","slug":"ar-agua-j1402","status":"publish","type":"page","link":"http:\/\/precimaq.com.br\/?page_id=2241","title":{"rendered":"Freio a Ar SAE &#8211; J1402"},"content":{"rendered":"\n<h2 class=\"has-text-align-center wp-block-heading\"><strong><span class=\"has-inline-color has-very-light-gray-color\">Mangueira  p\/Freio a Ar SAE J1402<\/span><\/strong><\/h2>\n\n\n\n<figure class=\"wp-block-table is-style-stripes\"><table class=\"has-subtle-pale-blue-background-color has-background\"><thead><tr><th class=\"has-text-align-center\" data-align=\"center\">N\/Numero<\/th><th class=\"has-text-align-center\" data-align=\"center\">Bitola<\/th><th class=\"has-text-align-center\" data-align=\"center\">Norma<\/th><th class=\"has-text-align-center\" data-align=\"center\">Aplica\u00e7\u00e3o<\/th><th class=\"has-text-align-center\" data-align=\"center\">Press\u00e3o<br>Trabalho<\/th><th class=\"has-text-align-center\" data-align=\"center\">Peso<br>Gr\/Mt<\/th><th class=\"has-text-align-center\" data-align=\"center\">Rolo<br>Mt<\/th><\/tr><\/thead><tbody><tr><td class=\"has-text-align-center\" data-align=\"center\"> <strong>MBFA06<\/strong><\/td><td class=\"has-text-align-center\" data-align=\"center\"><strong>3\/8&#8243;<\/strong><\/td><td class=\"has-text-align-center\" data-align=\"center\"><strong>J1402<\/strong><\/td><td class=\"has-text-align-center\" data-align=\"center\"><strong>Mangueira p\/Freio a Ar<\/strong><\/td><td class=\"has-text-align-center\" data-align=\"center\"><strong>225 PSI<\/strong><\/td><td class=\"has-text-align-center\" data-align=\"center\"><strong>0,27<\/strong><\/td><td class=\"has-text-align-center\" data-align=\"center\"><br><strong>50\/100<\/strong><\/td><\/tr><tr><td class=\"has-text-align-center\" data-align=\"center\"> <strong>MBFA08<\/strong><\/td><td class=\"has-text-align-center\" data-align=\"center\"><strong>1\/2&#8243;<\/strong><\/td><td class=\"has-text-align-center\" data-align=\"center\"><strong>J1402<\/strong><\/td><td class=\"has-text-align-center\" data-align=\"center\"><strong>Mangueira p\/Freio a Ar<\/strong><\/td><td class=\"has-text-align-center\" data-align=\"center\"><strong>225 PSI<\/strong><\/td><td class=\"has-text-align-center\" data-align=\"center\"><strong>0,32<\/strong><\/td><td class=\"has-text-align-center\" data-align=\"center\"><br><strong>50\/100<\/strong><\/td><\/tr><tr><td class=\"has-text-align-center\" data-align=\"center\"> <strong>MBFA10<\/strong><\/td><td class=\"has-text-align-center\" data-align=\"center\"><strong>5\/8&#8243;<\/strong><\/td><td class=\"has-text-align-center\" data-align=\"center\"><strong>J1402<\/strong><\/td><td class=\"has-text-align-center\" data-align=\"center\"><strong>Mangueira p\/Freio a Ar<\/strong><\/td><td class=\"has-text-align-center\" data-align=\"center\"><strong>225 PSI<\/strong><\/td><td class=\"has-text-align-center\" data-align=\"center\"><strong>0,40<\/strong><\/td><td class=\"has-text-align-center\" data-align=\"center\"><br><strong>50\/100<\/strong> <\/td><\/tr><\/tbody><\/table><\/figure>\n\n\n\n<p><\/p>\n","protected":false},"excerpt":{"rendered":"<p>Mangueira p\/Freio a Ar SAE J1402 N\/Numero Bitola Norma Aplica\u00e7\u00e3o Press\u00e3oTrabalho PesoGr\/Mt RoloMt MBFA06 3\/8&#8243; J1402 Mangueira p\/Freio a Ar 225 PSI 0,27 50\/100 MBFA08 1\/2&#8243; J1402 Mangueira p\/Freio a Ar 225 PSI 0,32 50\/100 MBFA10 5\/8&#8243; J1402 Mangueira p\/Freio a Ar 225 PSI 0,40 50\/100<\/p>\n","protected":false},"author":1,"featured_media":0,"parent":291,"menu_order":0,"comment_status":"closed","ping_status":"closed","template":"","meta":{"footnotes":""},"class_list":["post-2241","page","type-page","status-publish","hentry"],"_links":{"self":[{"href":"http:\/\/precimaq.com.br\/index.php?rest_route=\/wp\/v2\/pages\/2241","targetHints":{"allow":["GET"]}}],"collection":[{"href":"http:\/\/precimaq.com.br\/index.php?rest_route=\/wp\/v2\/pages"}],"about":[{"href":"http:\/\/precimaq.com.br\/index.php?rest_route=\/wp\/v2\/types\/page"}],"author":[{"embeddable":true,"href":"http:\/\/precimaq.com.br\/index.php?rest_route=\/wp\/v2\/users\/1"}],"replies":[{"embeddable":true,"href":"http:\/\/precimaq.com.br\/index.php?rest_route=%2Fwp%2Fv2%2Fcomments&post=2241"}],"version-history":[{"count":17,"href":"http:\/\/precimaq.com.br\/index.php?rest_route=\/wp\/v2\/pages\/2241\/revisions"}],"predecessor-version":[{"id":2306,"href":"http:\/\/precimaq.com.br\/index.php?rest_route=\/wp\/v2\/pages\/2241\/revisions\/2306"}],"up":[{"embeddable":true,"href":"http:\/\/precimaq.com.br\/index.php?rest_route=\/wp\/v2\/pages\/291"}],"wp:attachment":[{"href":"http:\/\/precimaq.com.br\/index.php?rest_route=%2Fwp%2Fv2%2Fmedia&parent=2241"}],"curies":[{"name":"wp","href":"https:\/\/api.w.org\/{rel}","templated":true}]}}