{"id":2726,"date":"2020-06-09T18:26:16","date_gmt":"2020-06-09T18:26:16","guid":{"rendered":"http:\/\/precimaq.com.br\/?page_id=2726"},"modified":"2020-06-29T15:37:44","modified_gmt":"2020-06-29T15:37:44","slug":"fio-de-nylon-6","status":"publish","type":"page","link":"http:\/\/precimaq.com.br\/?page_id=2726","title":{"rendered":"Fio de Nylon p\/Ro\u00e7adeira"},"content":{"rendered":"\n<h2 class=\"has-text-align-center wp-block-heading\"><span class=\"has-inline-color has-very-light-gray-color\" style=\"\"><strong>Fio de Nylon 6 para Ro\u00e7adeira (  Cortador de Grama <\/strong><\/span><span class=\"has-inline-color has-very-light-gray-color\"><strong>El\u00e9trico )<\/strong><\/span><\/h2>\n\n\n\n<div class=\"wp-block-image is-style-default\"><figure class=\"aligncenter size-large is-resized\"><img loading=\"lazy\" decoding=\"async\" src=\"http:\/\/precimaq.com.br\/wp-content\/uploads\/2020\/06\/quadrado.jpg\" alt=\"\" class=\"wp-image-2743\" width=\"404\" height=\"283\" srcset=\"http:\/\/precimaq.com.br\/wp-content\/uploads\/2020\/06\/quadrado.jpg 720w, http:\/\/precimaq.com.br\/wp-content\/uploads\/2020\/06\/quadrado-300x211.jpg 300w\" sizes=\"auto, (max-width: 404px) 100vw, 404px\" \/><\/figure><\/div>\n\n\n\n<h3 class=\"has-text-align-center wp-block-heading\"><strong>Fio de Nylon 6 para Ro\u00e7adeira Quadrado<\/strong><\/h3>\n\n\n\n<figure class=\"wp-block-table is-style-stripes\"><table class=\"has-subtle-pale-blue-background-color has-fixed-layout has-background\"><thead><tr><th class=\"has-text-align-center\" data-align=\"center\">N\/Numero<\/th><th class=\"has-text-align-center\" data-align=\"center\">Medida<br>mm<\/th><th class=\"has-text-align-center\" data-align=\"center\">Tipo<\/th><\/tr><\/thead><tbody><tr><td class=\"has-text-align-center\" data-align=\"center\"><strong>FN6RQ018<\/strong><\/td><td class=\"has-text-align-center\" data-align=\"center\"><strong>1,80mm<\/strong><\/td><td class=\"has-text-align-center\" data-align=\"center\"><strong>Quadrado<\/strong><\/td><\/tr><tr><td class=\"has-text-align-center\" data-align=\"center\"><strong>FN6RQ020<\/strong><\/td><td class=\"has-text-align-center\" data-align=\"center\"><strong>2,00mm<\/strong><\/td><td class=\"has-text-align-center\" data-align=\"center\"><strong>Quadrado<\/strong><\/td><\/tr><tr><td class=\"has-text-align-center\" data-align=\"center\"><strong>FN6RQ024<\/strong><\/td><td class=\"has-text-align-center\" data-align=\"center\"><strong>2,40mm<\/strong><\/td><td class=\"has-text-align-center\" data-align=\"center\"><strong>Quadrado<\/strong><\/td><\/tr><tr><td class=\"has-text-align-center\" data-align=\"center\"><strong>FN6RQ026<\/strong><\/td><td class=\"has-text-align-center\" data-align=\"center\"><strong>2,60mm<\/strong><\/td><td class=\"has-text-align-center\" data-align=\"center\"><strong>Quadrado<\/strong><\/td><\/tr><tr><td class=\"has-text-align-center\" data-align=\"center\"><strong>FN6RQ030<\/strong><\/td><td class=\"has-text-align-center\" data-align=\"center\"><strong>3,00mm<\/strong><\/td><td class=\"has-text-align-center\" data-align=\"center\"><strong>Quadrado<\/strong><\/td><\/tr><\/tbody><\/table><figcaption><br><br><\/figcaption><\/figure>\n\n\n\n<div class=\"wp-block-image is-style-default\"><figure class=\"aligncenter size-large is-resized\"><img loading=\"lazy\" decoding=\"async\" src=\"http:\/\/precimaq.com.br\/wp-content\/uploads\/2020\/06\/circulo.jpg\" alt=\"\" class=\"wp-image-2742\" width=\"385\" height=\"336\" srcset=\"http:\/\/precimaq.com.br\/wp-content\/uploads\/2020\/06\/circulo.jpg 750w, http:\/\/precimaq.com.br\/wp-content\/uploads\/2020\/06\/circulo-300x262.jpg 300w\" sizes=\"auto, (max-width: 385px) 100vw, 385px\" \/><\/figure><\/div>\n\n\n\n<h3 class=\"has-text-align-center wp-block-heading\"><strong>Fio de Nylon 6 para Ro\u00e7adeira Redondo<\/strong><\/h3>\n\n\n\n<figure class=\"wp-block-table is-style-stripes\"><table class=\"has-subtle-pale-blue-background-color has-fixed-layout has-background\"><thead><tr><th class=\"has-text-align-center\" data-align=\"center\">N\/Numero<\/th><th class=\"has-text-align-center\" data-align=\"center\">Medida<br>mm<\/th><th class=\"has-text-align-center\" data-align=\"center\">Tipo<\/th><\/tr><\/thead><tbody><tr><td class=\"has-text-align-center\" data-align=\"center\"><strong>FN6RR018<\/strong><\/td><td class=\"has-text-align-center\" data-align=\"center\"><strong>1,80mm<\/strong><\/td><td class=\"has-text-align-center\" data-align=\"center\"><strong>Redondo<\/strong><\/td><\/tr><tr><td class=\"has-text-align-center\" data-align=\"center\"><strong>FN6RR020<\/strong><\/td><td class=\"has-text-align-center\" data-align=\"center\"><strong>2,00mm<\/strong><\/td><td class=\"has-text-align-center\" data-align=\"center\"><strong>Redondo<\/strong><\/td><\/tr><tr><td class=\"has-text-align-center\" data-align=\"center\"><strong>FN6RR024<\/strong><\/td><td class=\"has-text-align-center\" data-align=\"center\"><strong>2,40mm<\/strong><\/td><td class=\"has-text-align-center\" data-align=\"center\"><strong>Redondo<\/strong><\/td><\/tr><tr><td class=\"has-text-align-center\" data-align=\"center\"><strong>FN6RR026<\/strong><\/td><td class=\"has-text-align-center\" data-align=\"center\"><strong>2,60mm<\/strong><\/td><td class=\"has-text-align-center\" data-align=\"center\"><strong>Redondo<\/strong><\/td><\/tr><tr><td class=\"has-text-align-center\" data-align=\"center\"><strong>FN6RR030<\/strong><\/td><td class=\"has-text-align-center\" data-align=\"center\"><strong>3,00mm<\/strong><\/td><td class=\"has-text-align-center\" data-align=\"center\"><strong>Redondo<\/strong><\/td><\/tr><\/tbody><\/table><figcaption><br><br><br><\/figcaption><\/figure>\n\n\n\n<div class=\"wp-block-image is-style-default\"><figure class=\"aligncenter size-large is-resized\"><img loading=\"lazy\" decoding=\"async\" src=\"http:\/\/precimaq.com.br\/wp-content\/uploads\/2020\/06\/estrela-1.jpg\" alt=\"\" class=\"wp-image-2740\" width=\"388\" height=\"309\" srcset=\"http:\/\/precimaq.com.br\/wp-content\/uploads\/2020\/06\/estrela-1.jpg 638w, http:\/\/precimaq.com.br\/wp-content\/uploads\/2020\/06\/estrela-1-300x240.jpg 300w\" sizes=\"auto, (max-width: 388px) 100vw, 388px\" \/><\/figure><\/div>\n\n\n\n<h3 class=\"has-text-align-center wp-block-heading\"><strong>Fio de Nylon 6 para Ro\u00e7adeira Sextavado<\/strong><\/h3>\n\n\n\n<figure class=\"wp-block-table is-style-stripes\"><table class=\"has-subtle-pale-blue-background-color has-fixed-layout has-background\"><thead><tr><th class=\"has-text-align-center\" data-align=\"center\">N\/Numero<\/th><th class=\"has-text-align-center\" data-align=\"center\">Medida<br>mm<\/th><th class=\"has-text-align-center\" data-align=\"center\">Tipo<\/th><\/tr><\/thead><tbody><tr><td class=\"has-text-align-center\" data-align=\"center\"><strong>FN6RE018<\/strong><\/td><td class=\"has-text-align-center\" data-align=\"center\"><strong>1,80mm<\/strong><\/td><td class=\"has-text-align-center\" data-align=\"center\"><strong>Sextavado<\/strong><\/td><\/tr><tr><td class=\"has-text-align-center\" data-align=\"center\"><strong>FN6RE020<\/strong><\/td><td class=\"has-text-align-center\" data-align=\"center\"><strong>2,00mm<\/strong><\/td><td class=\"has-text-align-center\" data-align=\"center\"><strong>Sextavado<\/strong><\/td><\/tr><tr><td class=\"has-text-align-center\" data-align=\"center\"><strong>FN6RE024<\/strong><\/td><td class=\"has-text-align-center\" data-align=\"center\"><strong>2,40mm<\/strong><\/td><td class=\"has-text-align-center\" data-align=\"center\"><strong>Sextavado<\/strong><\/td><\/tr><tr><td class=\"has-text-align-center\" data-align=\"center\"><strong>FN6RE026<\/strong><\/td><td class=\"has-text-align-center\" data-align=\"center\"><strong>2,60mm<\/strong><\/td><td class=\"has-text-align-center\" data-align=\"center\"><strong>Sextavado<\/strong><\/td><\/tr><tr><td class=\"has-text-align-center\" data-align=\"center\"><strong>FN6RE030<\/strong><\/td><td class=\"has-text-align-center\" data-align=\"center\"><strong>3,00mm<\/strong><\/td><td class=\"has-text-align-center\" data-align=\"center\"><strong>Sextavado<\/strong><\/td><\/tr><\/tbody><\/table><figcaption><br><br><br><br><br><br><br><br><br><\/figcaption><\/figure>\n","protected":false},"excerpt":{"rendered":"<p>Fio de Nylon 6 para Ro\u00e7adeira ( Cortador de Grama El\u00e9trico ) Fio de Nylon 6 para Ro\u00e7adeira Quadrado N\/Numero Medidamm Tipo FN6RQ018 1,80mm Quadrado FN6RQ020 2,00mm Quadrado FN6RQ024 2,40mm Quadrado FN6RQ026 2,60mm Quadrado FN6RQ030 3,00mm Quadrado Fio de Nylon 6 para Ro\u00e7adeira Redondo N\/Numero Medidamm Tipo FN6RR018 1,80mm Redondo FN6RR020 2,00mm Redondo FN6RR024 2,40mm<span class=\"read-more-faq\"><a href=\"http:\/\/precimaq.com.br\/?page_id=2726\">Read More<\/a><\/span><\/p>\n","protected":false},"author":1,"featured_media":0,"parent":2754,"menu_order":0,"comment_status":"closed","ping_status":"closed","template":"","meta":{"footnotes":""},"class_list":["post-2726","page","type-page","status-publish","hentry"],"_links":{"self":[{"href":"http:\/\/precimaq.com.br\/index.php?rest_route=\/wp\/v2\/pages\/2726","targetHints":{"allow":["GET"]}}],"collection":[{"href":"http:\/\/precimaq.com.br\/index.php?rest_route=\/wp\/v2\/pages"}],"about":[{"href":"http:\/\/precimaq.com.br\/index.php?rest_route=\/wp\/v2\/types\/page"}],"author":[{"embeddable":true,"href":"http:\/\/precimaq.com.br\/index.php?rest_route=\/wp\/v2\/users\/1"}],"replies":[{"embeddable":true,"href":"http:\/\/precimaq.com.br\/index.php?rest_route=%2Fwp%2Fv2%2Fcomments&post=2726"}],"version-history":[{"count":20,"href":"http:\/\/precimaq.com.br\/index.php?rest_route=\/wp\/v2\/pages\/2726\/revisions"}],"predecessor-version":[{"id":2925,"href":"http:\/\/precimaq.com.br\/index.php?rest_route=\/wp\/v2\/pages\/2726\/revisions\/2925"}],"up":[{"embeddable":true,"href":"http:\/\/precimaq.com.br\/index.php?rest_route=\/wp\/v2\/pages\/2754"}],"wp:attachment":[{"href":"http:\/\/precimaq.com.br\/index.php?rest_route=%2Fwp%2Fv2%2Fmedia&parent=2726"}],"curies":[{"name":"wp","href":"https:\/\/api.w.org\/{rel}","templated":true}]}}