{"id":451,"date":"2020-04-17T16:55:47","date_gmt":"2020-04-17T16:55:47","guid":{"rendered":"http:\/\/precimaq.com.br\/?page_id=451"},"modified":"2020-05-07T20:02:48","modified_gmt":"2020-05-07T20:02:48","slug":"resolucao-777-reposicao-1-2","status":"publish","type":"page","link":"http:\/\/precimaq.com.br\/?page_id=451","title":{"rendered":"Resolu\u00e7\u00e3o 777(Reposi\u00e7\u00e3o 1\/2&#8243;)"},"content":{"rendered":"\n<table id=\"tablepress-11\" class=\"tablepress tablepress-id-11\">\n<thead>\n<tr class=\"row-1\">\n\t<th class=\"column-1\">N\/Numero SWL<\/th><th class=\"column-2\">N\/Numero<\/th><th class=\"column-3\">Aplica\u00e7\u00e3o<\/th><th class=\"column-4\">Tamanho <br \/>\nMM<\/th><th class=\"column-5\">Aplica\u00e7\u00e3o<\/th>\n<\/tr>\n<\/thead>\n<tbody class=\"row-striping row-hover\">\n<tr class=\"row-2\">\n\t<td class=\"column-1\">1RN928<\/td><td class=\"column-2\">1RN928<\/td><td class=\"column-3\">Flex\u00edvel p\/Freio Ar 1\/2\"<\/td><td class=\"column-4\">800<\/td><td class=\"column-5\">CARRETAS TODAS GIRAT\u00d3RIO X FIXO M16x1,5 (COMPLETO)<\/td>\n<\/tr>\n<tr class=\"row-3\">\n\t<td class=\"column-1\">1RN929<\/td><td class=\"column-2\">1RN929<\/td><td class=\"column-3\">Flex\u00edvel p\/Freio Ar 1\/2\"<\/td><td class=\"column-4\">900<\/td><td class=\"column-5\">CARRETAS TODAS GIRAT\u00d3RIO X FIXO M16x1,5 (COMPLETO) <\/td>\n<\/tr>\n<tr class=\"row-4\">\n\t<td class=\"column-1\">1RN930<\/td><td class=\"column-2\">1RN930<\/td><td class=\"column-3\">Flex\u00edvel p\/Freio Ar 1\/2\"<\/td><td class=\"column-4\">1000<\/td><td class=\"column-5\">CARRETAS TODAS GIRAT\u00d3RIO X FIXO M16x1,5 (COMPLETO)<\/td>\n<\/tr>\n<tr class=\"row-5\">\n\t<td class=\"column-1\"><\/td><td class=\"column-2\"><\/td><td class=\"column-3\"><\/td><td class=\"column-4\"><\/td><td class=\"column-5\"><\/td>\n<\/tr>\n<tr class=\"row-6\">\n\t<td class=\"column-1\"><\/td><td class=\"column-2\">Rosca Macho-><br \/>\nM16 x 1,5 c\/ Anel e <br \/>\nO\u00b4ring<\/td><td class=\"column-3\"><img loading=\"lazy\" decoding=\"async\" src=\"http:\/\/precimaq.com.br\/wp-content\/uploads\/2020\/04\/Cat\u00e1logo-SWL-Portugues_page-0003-300x73.jpg\" alt=\"\" width=\"300\" height=\"73\" class=\"alignnone size-medium wp-image-340\" srcset=\"http:\/\/precimaq.com.br\/wp-content\/uploads\/2020\/04\/Cat\u00e1logo-SWL-Portugues_page-0003-300x73.jpg 300w, http:\/\/precimaq.com.br\/wp-content\/uploads\/2020\/04\/Cat\u00e1logo-SWL-Portugues_page-0003.jpg 642w\" sizes=\"auto, (max-width: 300px) 100vw, 300px\" \/><\/td><td class=\"column-4\"><-Rosca F\u00eamea <br \/>\nM18 x 1,5<\/td><td class=\"column-5\"><\/td>\n<\/tr>\n<tr class=\"row-7\">\n\t<td class=\"column-1\"><\/td><td class=\"column-2\"><\/td><td class=\"column-3\"><\/td><td class=\"column-4\"><\/td><td class=\"column-5\"><\/td>\n<\/tr>\n<tr class=\"row-8\">\n\t<td class=\"column-1\">1RN808<\/td><td class=\"column-2\">1RN808<\/td><td class=\"column-3\">Flex\u00edvel p\/Freio Ar 1\/2\"<\/td><td class=\"column-4\">800<\/td><td class=\"column-5\">CARRETAS TODAS <br \/>\nMacho M16x1,5 x F\u00eamea M18x,15<\/td>\n<\/tr>\n<tr class=\"row-9\">\n\t<td class=\"column-1\">1RN809<\/td><td class=\"column-2\">1RN809<\/td><td class=\"column-3\">Flex\u00edvel p\/Freio Ar 1\/2\"<\/td><td class=\"column-4\">900<\/td><td class=\"column-5\">CARRETAS TODAS <br \/>\nMacho M16x1,5 x F\u00eamea M18x,15<\/td>\n<\/tr>\n<tr class=\"row-10\">\n\t<td class=\"column-1\">1RN810<\/td><td class=\"column-2\">1RN810<\/td><td class=\"column-3\">Flex\u00edvel p\/Freio Ar 1\/2\"<\/td><td class=\"column-4\">1000<\/td><td class=\"column-5\">CARRETAS TODAS <br \/>\nMacho M16x1,5 x F\u00eamea M18x,15<\/td>\n<\/tr>\n<tr class=\"row-11\">\n\t<td class=\"column-1\">1RN812<\/td><td class=\"column-2\">1RN812<\/td><td class=\"column-3\">Flex\u00edvel p\/Freio Ar 1\/2\"<\/td><td class=\"column-4\">1200<\/td><td class=\"column-5\">CARRETAS TODAS <br \/>\nMacho M16x1,5 x F\u00eamea M18x,15<\/td>\n<\/tr>\n<tr class=\"row-12\">\n\t<td class=\"column-1\"><\/td><td class=\"column-2\"><\/td><td class=\"column-3\"><\/td><td class=\"column-4\"><\/td><td class=\"column-5\"><\/td>\n<\/tr>\n<tr class=\"row-13\">\n\t<td class=\"column-1\"><\/td><td class=\"column-2\">Rosca Macho-><br \/>\nM16 x 1,5 c\/ Anel e <br \/>\nO\u00b4ring<\/td><td class=\"column-3\"><img loading=\"lazy\" decoding=\"async\" src=\"http:\/\/precimaq.com.br\/wp-content\/uploads\/2020\/04\/Cat\u00e1logo-SWL-Portugues_page-0003-300x73.jpg\" alt=\"\" width=\"300\" height=\"73\" class=\"alignnone size-medium wp-image-340\" srcset=\"http:\/\/precimaq.com.br\/wp-content\/uploads\/2020\/04\/Cat\u00e1logo-SWL-Portugues_page-0003-300x73.jpg 300w, http:\/\/precimaq.com.br\/wp-content\/uploads\/2020\/04\/Cat\u00e1logo-SWL-Portugues_page-0003.jpg 642w\" sizes=\"auto, (max-width: 300px) 100vw, 300px\" \/><\/td><td class=\"column-4\"><-Rosca F\u00eamea <br \/>\n11\/16-20 Fios<\/td><td class=\"column-5\"><\/td>\n<\/tr>\n<tr class=\"row-14\">\n\t<td class=\"column-1\"><\/td><td class=\"column-2\"><\/td><td class=\"column-3\"><\/td><td class=\"column-4\"><\/td><td class=\"column-5\"><\/td>\n<\/tr>\n<tr class=\"row-15\">\n\t<td class=\"column-1\">1RN909<\/td><td class=\"column-2\">1RN909<\/td><td class=\"column-3\">Flex\u00edvel p\/Freio Ar 1\/2\"<\/td><td class=\"column-4\">900<\/td><td class=\"column-5\">CARRETAS TODAS <br \/>\nMacho M16x1,5 x F\u00eamea 11\/16-20<\/td>\n<\/tr>\n<tr class=\"row-16\">\n\t<td class=\"column-1\">1RN914<\/td><td class=\"column-2\">1RN914<\/td><td class=\"column-3\">Flex\u00edvel p\/Freio Ar 1\/2\"<\/td><td class=\"column-4\">1100<\/td><td class=\"column-5\">CARRETAS TODAS <br \/>\nMacho M16x1,5 x F\u00eamea  11\/16-20<\/td>\n<\/tr>\n<tr class=\"row-17\">\n\t<td class=\"column-1\"><\/td><td class=\"column-2\"><\/td><td class=\"column-3\"><\/td><td class=\"column-4\"><\/td><td class=\"column-5\"><\/td>\n<\/tr>\n<tr class=\"row-18\">\n\t<td class=\"column-1\"><\/td><td class=\"column-2\">Rosca Macho-><br \/>\nM16 x 1,5 c\/ Anel e <br \/>\nO\u00b4ring<\/td><td class=\"column-3\"><img loading=\"lazy\" decoding=\"async\" src=\"http:\/\/precimaq.com.br\/wp-content\/uploads\/2020\/04\/Cat\u00e1logo-SWL-Portugues_page-0003-300x73.jpg\" alt=\"\" width=\"300\" height=\"73\" class=\"alignnone size-medium wp-image-340\" srcset=\"http:\/\/precimaq.com.br\/wp-content\/uploads\/2020\/04\/Cat\u00e1logo-SWL-Portugues_page-0003-300x73.jpg 300w, http:\/\/precimaq.com.br\/wp-content\/uploads\/2020\/04\/Cat\u00e1logo-SWL-Portugues_page-0003.jpg 642w\" sizes=\"auto, (max-width: 300px) 100vw, 300px\" \/><\/td><td class=\"column-4\"><-Rosca F\u00eamea <br \/>\nM16 x 1,5<\/td><td class=\"column-5\"><\/td>\n<\/tr>\n<tr class=\"row-19\">\n\t<td class=\"column-1\"><\/td><td class=\"column-2\"><\/td><td class=\"column-3\"><\/td><td class=\"column-4\"><\/td><td class=\"column-5\"><\/td>\n<\/tr>\n<tr class=\"row-20\">\n\t<td class=\"column-1\">1CN716<\/td><td class=\"column-2\">1CN716<\/td><td class=\"column-3\">Flex\u00edvel p\/Freio Ar 1\/2\"<\/td><td class=\"column-4\">1600<\/td><td class=\"column-5\">Flexivel Para Camb\u00e3o  Macho M16x1,5 x Femea M16x1,5<\/td>\n<\/tr>\n<tr class=\"row-21\">\n\t<td class=\"column-1\">1CN726<\/td><td class=\"column-2\">1CN726<\/td><td class=\"column-3\">Flex\u00edvel p\/Freio Ar 1\/2\"<\/td><td class=\"column-4\">2600<\/td><td class=\"column-5\">Flexivel Para Camb\u00e3o  Macho M16x1,5 x Femea M16x1,5<\/td>\n<\/tr>\n<tr class=\"row-22\">\n\t<td class=\"column-1\"><\/td><td class=\"column-2\"><\/td><td class=\"column-3\"><\/td><td class=\"column-4\"><\/td><td class=\"column-5\"><\/td>\n<\/tr>\n<tr class=\"row-23\">\n\t<td class=\"column-1\"><\/td><td class=\"column-2\">Rosca Macho-><br \/>\n1\/2\" Npt<\/td><td class=\"column-3\"><img loading=\"lazy\" decoding=\"async\" src=\"http:\/\/precimaq.com.br\/wp-content\/uploads\/2020\/04\/Cat\u00e1logo-SWL-Portugues_page-0003-300x73.jpg\" alt=\"\" width=\"300\" height=\"73\" class=\"alignnone size-medium wp-image-340\" srcset=\"http:\/\/precimaq.com.br\/wp-content\/uploads\/2020\/04\/Cat\u00e1logo-SWL-Portugues_page-0003-300x73.jpg 300w, http:\/\/precimaq.com.br\/wp-content\/uploads\/2020\/04\/Cat\u00e1logo-SWL-Portugues_page-0003.jpg 642w\" sizes=\"auto, (max-width: 300px) 100vw, 300px\" \/><\/td><td class=\"column-4\"><-Rosca F\u00eamea <br \/>\n1\/2\" Bsp<\/td><td class=\"column-5\"><\/td>\n<\/tr>\n<tr class=\"row-24\">\n\t<td class=\"column-1\"><\/td><td class=\"column-2\"><\/td><td class=\"column-3\"><\/td><td class=\"column-4\"><\/td><td class=\"column-5\"><\/td>\n<\/tr>\n<tr class=\"row-25\">\n\t<td class=\"column-1\">08A881000<\/td><td class=\"column-2\">08A881000<\/td><td class=\"column-3\">Flex\u00edvel Pneum\u00e1tico 10mt<\/td><td class=\"column-4\">10000<\/td><td class=\"column-5\">Flex\u00edvel Pneum\u00e1tico 10 Mt  Macho 1\/2\"Npt x F\u00eamea 1\/2\"BSP<\/td>\n<\/tr>\n<tr class=\"row-26\">\n\t<td class=\"column-1\">08A885000<\/td><td class=\"column-2\">08A885000<\/td><td class=\"column-3\">Flex\u00edvel Pneum\u00e1tico 25mt<\/td><td class=\"column-4\">50000<\/td><td class=\"column-5\">Flex\u00edvel Pneum\u00e1tico 50 Mt  Macho 1\/2\"Npt x F\u00eamea 1\/2\"BSP<\/td>\n<\/tr>\n<\/tbody>\n<\/table>\n<!-- #tablepress-11 from cache -->\n\n\n\n<p><\/p>\n","protected":false},"excerpt":{"rendered":"","protected":false},"author":1,"featured_media":0,"parent":21,"menu_order":6,"comment_status":"closed","ping_status":"closed","template":"","meta":{"footnotes":""},"class_list":["post-451","page","type-page","status-publish","hentry"],"_links":{"self":[{"href":"http:\/\/precimaq.com.br\/index.php?rest_route=\/wp\/v2\/pages\/451","targetHints":{"allow":["GET"]}}],"collection":[{"href":"http:\/\/precimaq.com.br\/index.php?rest_route=\/wp\/v2\/pages"}],"about":[{"href":"http:\/\/precimaq.com.br\/index.php?rest_route=\/wp\/v2\/types\/page"}],"author":[{"embeddable":true,"href":"http:\/\/precimaq.com.br\/index.php?rest_route=\/wp\/v2\/users\/1"}],"replies":[{"embeddable":true,"href":"http:\/\/precimaq.com.br\/index.php?rest_route=%2Fwp%2Fv2%2Fcomments&post=451"}],"version-history":[{"count":4,"href":"http:\/\/precimaq.com.br\/index.php?rest_route=\/wp\/v2\/pages\/451\/revisions"}],"predecessor-version":[{"id":1788,"href":"http:\/\/precimaq.com.br\/index.php?rest_route=\/wp\/v2\/pages\/451\/revisions\/1788"}],"up":[{"embeddable":true,"href":"http:\/\/precimaq.com.br\/index.php?rest_route=\/wp\/v2\/pages\/21"}],"wp:attachment":[{"href":"http:\/\/precimaq.com.br\/index.php?rest_route=%2Fwp%2Fv2%2Fmedia&parent=451"}],"curies":[{"name":"wp","href":"https:\/\/api.w.org\/{rel}","templated":true}]}}