{"id":611,"date":"2020-04-20T16:22:17","date_gmt":"2020-04-20T16:22:17","guid":{"rendered":"http:\/\/precimaq.com.br\/?page_id=611"},"modified":"2020-04-21T12:59:07","modified_gmt":"2020-04-21T12:59:07","slug":"massey-ferguson","status":"publish","type":"page","link":"http:\/\/precimaq.com.br\/?page_id=611","title":{"rendered":"Massey Ferguson"},"content":{"rendered":"\n<div class=\"wp-block-image is-style-default\"><figure class=\"aligncenter size-large is-resized\"><img loading=\"lazy\" decoding=\"async\" src=\"http:\/\/precimaq.com.br\/wp-content\/uploads\/2020\/04\/massey-1.jpg\" alt=\"\" class=\"wp-image-690\" width=\"165\" height=\"163\" srcset=\"http:\/\/precimaq.com.br\/wp-content\/uploads\/2020\/04\/massey-1.jpg 596w, http:\/\/precimaq.com.br\/wp-content\/uploads\/2020\/04\/massey-1-300x297.jpg 300w\" sizes=\"auto, (max-width: 165px) 100vw, 165px\" \/><\/figure><\/div>\n\n\n\n<table id=\"tablepress-29\" class=\"tablepress tablepress-id-29\">\n<thead>\n<tr class=\"row-1\">\n\t<th class=\"column-1\">N\/Numero SWL<\/th><th class=\"column-2\">N\/Numero<\/th><th class=\"column-3\">Aplica\u00e7\u00e3o<\/th><th class=\"column-4\">N\/Original<\/th><th class=\"column-5\">Tamanho<\/th><th class=\"column-6\">Imagem<\/th>\n<\/tr>\n<\/thead>\n<tbody class=\"row-striping row-hover\">\n<tr class=\"row-2\">\n\t<td class=\"column-1\">490353M91<\/td><td class=\"column-2\">2MF000<\/td><td class=\"column-3\">Torneira do Tanque Original<\/td><td class=\"column-4\">490.353-M91<\/td><td class=\"column-5\">1<\/td><td class=\"column-6\"><img decoding=\"async\" src=\"http:\/\/precimaq.com.br\/wp-content\/uploads\/2020\/04\/2MF000-300x241.jpg\" alt=\"\" width=\"60 height=\"50\" class=\"alignnone size-medium wp-image-699\" srcset=\"http:\/\/precimaq.com.br\/wp-content\/uploads\/2020\/04\/2MF000-300x241.jpg 300w, http:\/\/precimaq.com.br\/wp-content\/uploads\/2020\/04\/2MF000.jpg 370w\" sizes=\"(max-width: 300px) 100vw, 300px\" \/><\/td>\n<\/tr>\n<tr class=\"row-3\">\n\t<td class=\"column-1\">2800852M1<\/td><td class=\"column-2\">2MF002<\/td><td class=\"column-3\">Conector do Tanque<\/td><td class=\"column-4\">2.800.852-M1<\/td><td class=\"column-5\">1<\/td><td class=\"column-6\"><img loading=\"lazy\" decoding=\"async\" src=\"http:\/\/precimaq.com.br\/wp-content\/uploads\/2020\/04\/2MF002-300x216.jpg\" alt=\"\" width=\"40\" height=\"30\" class=\"alignnone size-medium wp-image-704\" srcset=\"http:\/\/precimaq.com.br\/wp-content\/uploads\/2020\/04\/2MF002-300x216.jpg 300w, http:\/\/precimaq.com.br\/wp-content\/uploads\/2020\/04\/2MF002.jpg 374w\" sizes=\"auto, (max-width: 40px) 100vw, 40px\" \/><\/td>\n<\/tr>\n<tr class=\"row-4\">\n\t<td class=\"column-1\">2834113M1<\/td><td class=\"column-2\">2MF003<\/td><td class=\"column-3\">Acionador Angular Colheitadeira<\/td><td class=\"column-4\">2.834.113-M1<\/td><td class=\"column-5\">1<\/td><td class=\"column-6\"><img loading=\"lazy\" decoding=\"async\" src=\"http:\/\/precimaq.com.br\/wp-content\/uploads\/2020\/04\/2MF003-300x247.jpg\" alt=\"\" width=\"50\" height=\"40\" class=\"alignnone size-medium wp-image-703\" srcset=\"http:\/\/precimaq.com.br\/wp-content\/uploads\/2020\/04\/2MF003-300x247.jpg 300w, http:\/\/precimaq.com.br\/wp-content\/uploads\/2020\/04\/2MF003.jpg 342w\" sizes=\"auto, (max-width: 50px) 100vw, 50px\" \/><\/td>\n<\/tr>\n<tr class=\"row-5\">\n\t<td class=\"column-1\">180924\/1<\/td><td class=\"column-2\">2MF004<\/td><td class=\"column-3\">Bloco Dianteiro Universal<\/td><td class=\"column-4\">180.924\/1<\/td><td class=\"column-5\">1<\/td><td class=\"column-6\"><img loading=\"lazy\" decoding=\"async\" src=\"http:\/\/precimaq.com.br\/wp-content\/uploads\/2020\/04\/2MF004-300x232.jpg\" alt=\"\" width=\"50\" height=\"40\" class=\"alignnone size-medium wp-image-786\" srcset=\"http:\/\/precimaq.com.br\/wp-content\/uploads\/2020\/04\/2MF004-300x232.jpg 300w, http:\/\/precimaq.com.br\/wp-content\/uploads\/2020\/04\/2MF004.jpg 350w\" sizes=\"auto, (max-width: 50px) 100vw, 50px\" \/><\/td>\n<\/tr>\n<tr class=\"row-6\">\n\t<td class=\"column-1\">180925\/1<\/td><td class=\"column-2\">2MF005<\/td><td class=\"column-3\">Bloco Traseiro Universal<\/td><td class=\"column-4\">180.925\/1<\/td><td class=\"column-5\">1<\/td><td class=\"column-6\"><img loading=\"lazy\" decoding=\"async\" src=\"http:\/\/precimaq.com.br\/wp-content\/uploads\/2020\/04\/2MF004-300x232.jpg\" alt=\"\" width=\"50\" height=\"40\" class=\"alignnone size-medium wp-image-786\" srcset=\"http:\/\/precimaq.com.br\/wp-content\/uploads\/2020\/04\/2MF004-300x232.jpg 300w, http:\/\/precimaq.com.br\/wp-content\/uploads\/2020\/04\/2MF004.jpg 350w\" sizes=\"auto, (max-width: 50px) 100vw, 50px\" \/><\/td>\n<\/tr>\n<tr class=\"row-7\">\n\t<td class=\"column-1\">053835\/1<\/td><td class=\"column-2\">2MF006<\/td><td class=\"column-3\">Bucha Semi-Eixo<\/td><td class=\"column-4\">053.835\/1<\/td><td class=\"column-5\">1<\/td><td class=\"column-6\"><img loading=\"lazy\" decoding=\"async\" src=\"http:\/\/precimaq.com.br\/wp-content\/uploads\/2020\/04\/2MF006-300x221.jpg\" alt=\"\" width=\"50\" height=\"40\" class=\"alignnone size-medium wp-image-792\" \/><\/td>\n<\/tr>\n<tr class=\"row-8\">\n\t<td class=\"column-1\">058457P1<\/td><td class=\"column-2\">2MF007<\/td><td class=\"column-3\">Bucha da Balan\u00e7a<\/td><td class=\"column-4\">058.457.P1<\/td><td class=\"column-5\">1<\/td><td class=\"column-6\"><img loading=\"lazy\" decoding=\"async\" src=\"http:\/\/precimaq.com.br\/wp-content\/uploads\/2020\/04\/2MF007.jpg\" alt=\"\" width=\"50\" height=\"40\" class=\"alignnone size-full wp-image-797\" \/><\/td>\n<\/tr>\n<tr class=\"row-9\">\n\t<td class=\"column-1\">058458P1<\/td><td class=\"column-2\">2MF008<\/td><td class=\"column-3\">Bucha da Balan\u00e7a<\/td><td class=\"column-4\">058.458.P1<\/td><td class=\"column-5\">1<\/td><td class=\"column-6\"><img loading=\"lazy\" decoding=\"async\" src=\"http:\/\/precimaq.com.br\/wp-content\/uploads\/2020\/04\/2MF008-300x239.jpg\" alt=\"\" width=\"50\" height=\"40\" class=\"alignnone size-medium wp-image-794\" srcset=\"http:\/\/precimaq.com.br\/wp-content\/uploads\/2020\/04\/2MF008-300x239.jpg 300w, http:\/\/precimaq.com.br\/wp-content\/uploads\/2020\/04\/2MF008.jpg 371w\" sizes=\"auto, (max-width: 50px) 100vw, 50px\" \/><\/td>\n<\/tr>\n<tr class=\"row-10\">\n\t<td class=\"column-1\">1483465M1<\/td><td class=\"column-2\">2MF009<\/td><td class=\"column-3\">Bucha Bronze<\/td><td class=\"column-4\">1.483.465.M1<\/td><td class=\"column-5\">1<\/td><td class=\"column-6\"><img loading=\"lazy\" decoding=\"async\" src=\"http:\/\/precimaq.com.br\/wp-content\/uploads\/2020\/04\/2MF009-300x215.jpg\" alt=\"\" width=\"50\" height=\"40\" class=\"alignnone size-medium wp-image-795\" \/><\/td>\n<\/tr>\n<tr class=\"row-11\">\n\t<td class=\"column-1\">1721509<\/td><td class=\"column-2\">2MF010<\/td><td class=\"column-3\">Bucha<\/td><td class=\"column-4\">1.721.509<\/td><td class=\"column-5\">1<\/td><td class=\"column-6\"><img loading=\"lazy\" decoding=\"async\" src=\"http:\/\/precimaq.com.br\/wp-content\/uploads\/2020\/04\/2MF010-300x218.jpg\" alt=\"\" width=\"50\" height=\"40\" class=\"alignnone size-medium wp-image-793\" \/><\/td>\n<\/tr>\n<tr class=\"row-12\">\n\t<td class=\"column-1\">61473T1<\/td><td class=\"column-2\">2MF011<\/td><td class=\"column-3\">Filtro da Torneira<\/td><td class=\"column-4\">6.147.3T1<\/td><td class=\"column-5\">1<\/td><td class=\"column-6\"><\/td>\n<\/tr>\n<tr class=\"row-13\">\n\t<td class=\"column-1\">1484748<\/td><td class=\"column-2\">1484748<\/td><td class=\"column-3\">Flex\u00edvel Trator<\/td><td class=\"column-4\">1484748<\/td><td class=\"column-5\">455<\/td><td class=\"column-6\"><img loading=\"lazy\" decoding=\"async\" src=\"http:\/\/precimaq.com.br\/wp-content\/uploads\/2020\/07\/TIPO-L-300x143.jpg\" alt=\"\" width=\"150\" height=\"70\" class=\"alignnone size-medium wp-image-2977\" \/><\/td>\n<\/tr>\n<tr class=\"row-14\">\n\t<td class=\"column-1\">3146937<\/td><td class=\"column-2\">3146937<\/td><td class=\"column-3\">Flex\u00edvel Trator<\/td><td class=\"column-4\">3146937<\/td><td class=\"column-5\">643<\/td><td class=\"column-6\"><img loading=\"lazy\" decoding=\"async\" src=\"http:\/\/precimaq.com.br\/wp-content\/uploads\/2020\/07\/tipo-EE-1-300x73.jpg\" alt=\"\" width=\"150\" height=\"36\" class=\"alignnone size-medium wp-image-2949\" srcset=\"http:\/\/precimaq.com.br\/wp-content\/uploads\/2020\/07\/tipo-EE-1-300x73.jpg 300w, http:\/\/precimaq.com.br\/wp-content\/uploads\/2020\/07\/tipo-EE-1.jpg 695w\" sizes=\"auto, (max-width: 150px) 100vw, 150px\" \/><\/td>\n<\/tr>\n<tr class=\"row-15\">\n\t<td class=\"column-1\">3146904<\/td><td class=\"column-2\">3146904<\/td><td class=\"column-3\">Flex\u00edvel Trator<\/td><td class=\"column-4\">3146904<\/td><td class=\"column-5\">525<\/td><td class=\"column-6\"><img loading=\"lazy\" decoding=\"async\" src=\"http:\/\/precimaq.com.br\/wp-content\/uploads\/2020\/07\/TIPO-L-300x143.jpg\" alt=\"\" width=\"150\" height=\"70\" class=\"alignnone size-medium wp-image-2977\" \/><\/td>\n<\/tr>\n<tr class=\"row-16\">\n\t<td class=\"column-1\">2802697<\/td><td class=\"column-2\">2802697<\/td><td class=\"column-3\">Flex\u00edvel Trator<\/td><td class=\"column-4\">2802697<\/td><td class=\"column-5\">740<\/td><td class=\"column-6\"><img loading=\"lazy\" decoding=\"async\" src=\"http:\/\/precimaq.com.br\/wp-content\/uploads\/2020\/07\/tipo-EE-1-300x73.jpg\" alt=\"\" width=\"150\" height=\"36\" class=\"alignnone size-medium wp-image-2949\" srcset=\"http:\/\/precimaq.com.br\/wp-content\/uploads\/2020\/07\/tipo-EE-1-300x73.jpg 300w, http:\/\/precimaq.com.br\/wp-content\/uploads\/2020\/07\/tipo-EE-1.jpg 695w\" sizes=\"auto, (max-width: 150px) 100vw, 150px\" \/><\/td>\n<\/tr>\n<tr class=\"row-17\">\n\t<td class=\"column-1\">222420<\/td><td class=\"column-2\">222420<\/td><td class=\"column-3\">Flex\u00edvel Trator<\/td><td class=\"column-4\">222420<\/td><td class=\"column-5\">865<\/td><td class=\"column-6\"><img loading=\"lazy\" decoding=\"async\" src=\"http:\/\/precimaq.com.br\/wp-content\/uploads\/2020\/07\/tipo-CC-300x66.jpg\" alt=\"\" width=\"150\" height=\"36\" class=\"alignnone size-medium wp-image-2946\" \/><\/td>\n<\/tr>\n<tr class=\"row-18\">\n\t<td class=\"column-1\">1481830<\/td><td class=\"column-2\">1481830<\/td><td class=\"column-3\">Flex\u00edvel Trator<\/td><td class=\"column-4\">1481830<\/td><td class=\"column-5\">435<\/td><td class=\"column-6\"><img loading=\"lazy\" decoding=\"async\" src=\"http:\/\/precimaq.com.br\/wp-content\/uploads\/2020\/07\/tipo-EE-1-300x73.jpg\" alt=\"\" width=\"150\" height=\"36\" class=\"alignnone size-medium wp-image-2949\" srcset=\"http:\/\/precimaq.com.br\/wp-content\/uploads\/2020\/07\/tipo-EE-1-300x73.jpg 300w, http:\/\/precimaq.com.br\/wp-content\/uploads\/2020\/07\/tipo-EE-1.jpg 695w\" sizes=\"auto, (max-width: 150px) 100vw, 150px\" \/><\/td>\n<\/tr>\n<tr class=\"row-19\">\n\t<td class=\"column-1\">2802696<\/td><td class=\"column-2\">2802696<\/td><td class=\"column-3\">Flex\u00edvel Trator<\/td><td class=\"column-4\">2802696<\/td><td class=\"column-5\">640<\/td><td class=\"column-6\"><img loading=\"lazy\" decoding=\"async\" src=\"http:\/\/precimaq.com.br\/wp-content\/uploads\/2020\/07\/TIPO-L-300x143.jpg\" alt=\"\" width=\"150\" height=\"70\" class=\"alignnone size-medium wp-image-2977\" \/><\/td>\n<\/tr>\n<tr class=\"row-20\">\n\t<td class=\"column-1\">022313T1<\/td><td class=\"column-2\">022313T1<\/td><td class=\"column-3\">Flex\u00edvel Trator<\/td><td class=\"column-4\">022313<\/td><td class=\"column-5\">440<\/td><td class=\"column-6\"><img loading=\"lazy\" decoding=\"async\" src=\"http:\/\/precimaq.com.br\/wp-content\/uploads\/2020\/07\/tipo-CC-300x66.jpg\" alt=\"\" width=\"150\" height=\"36\" class=\"alignnone size-medium wp-image-2946\" \/><\/td>\n<\/tr>\n<tr class=\"row-21\">\n\t<td class=\"column-1\">056656R1<\/td><td class=\"column-2\">056656R1<\/td><td class=\"column-3\">V\u00e1lvula de Reten\u00e7\u00e3o<\/td><td class=\"column-4\">056656R1<\/td><td class=\"column-5\">1<\/td><td class=\"column-6\"><img loading=\"lazy\" decoding=\"async\" src=\"http:\/\/precimaq.com.br\/wp-content\/uploads\/2020\/04\/2JD000.jpg\" alt=\"\" width=\"50\" height=\"40\" class=\"alignnone size-full wp-image-938\" \/><\/td>\n<\/tr>\n<tr class=\"row-22\">\n\t<td class=\"column-1\">D28780516<\/td><td class=\"column-2\">2MF013<\/td><td class=\"column-3\">Pino do Sensor<\/td><td class=\"column-4\">D28780516<\/td><td class=\"column-5\">1<\/td><td class=\"column-6\"><img loading=\"lazy\" decoding=\"async\" src=\"http:\/\/precimaq.com.br\/wp-content\/uploads\/2021\/06\/Pino-do-Sensor1-300x300.jpg\" alt=\"\" width=\"40\" height=\"40\" class=\"alignnone size-medium wp-image-3053\" srcset=\"http:\/\/precimaq.com.br\/wp-content\/uploads\/2021\/06\/Pino-do-Sensor1-300x300.jpg 300w, http:\/\/precimaq.com.br\/wp-content\/uploads\/2021\/06\/Pino-do-Sensor1-150x150.jpg 150w, http:\/\/precimaq.com.br\/wp-content\/uploads\/2021\/06\/Pino-do-Sensor1-768x768.jpg 768w, http:\/\/precimaq.com.br\/wp-content\/uploads\/2021\/06\/Pino-do-Sensor1-450x450.jpg 450w, http:\/\/precimaq.com.br\/wp-content\/uploads\/2021\/06\/Pino-do-Sensor1.jpg 1000w\" sizes=\"auto, (max-width: 40px) 100vw, 40px\" \/><\/td>\n<\/tr>\n<tr class=\"row-23\">\n\t<td class=\"column-1\">3145699M91<\/td><td class=\"column-2\">3145699M91<\/td><td class=\"column-3\">Flex\u00edvel Trator<\/td><td class=\"column-4\">3145699M91<\/td><td class=\"column-5\">500<\/td><td class=\"column-6\"><img loading=\"lazy\" decoding=\"async\" src=\"http:\/\/precimaq.com.br\/wp-content\/uploads\/2020\/07\/tipo-FF-300x73.jpg\" alt=\"\" width=\"150\" height=\"36\" class=\"alignnone size-medium wp-image-2950\" srcset=\"http:\/\/precimaq.com.br\/wp-content\/uploads\/2020\/07\/tipo-FF-300x73.jpg 300w, http:\/\/precimaq.com.br\/wp-content\/uploads\/2020\/07\/tipo-FF.jpg 695w\" sizes=\"auto, (max-width: 150px) 100vw, 150px\" \/><\/td>\n<\/tr>\n<tr class=\"row-24\">\n\t<td class=\"column-1\">3410413M91<\/td><td class=\"column-2\">EHFC08<\/td><td class=\"column-3\">Engate R\u00e1pido Hidr\u00e1ulico de 1\/2\" Completo <\/td><td class=\"column-4\">3410413M91<\/td><td class=\"column-5\">1<\/td><td class=\"column-6\"><img loading=\"lazy\" decoding=\"async\" src=\"http:\/\/precimaq.com.br\/wp-content\/uploads\/2020\/05\/Engate_08-A-e1589482896795-300x167.jpg\" alt=\"\" width=\"60\" height=\"33\" class=\"alignnone size-medium wp-image-2187\" srcset=\"http:\/\/precimaq.com.br\/wp-content\/uploads\/2020\/05\/Engate_08-A-e1589482896795-300x167.jpg 300w, http:\/\/precimaq.com.br\/wp-content\/uploads\/2020\/05\/Engate_08-A-e1589482896795.jpg 509w\" sizes=\"auto, (max-width: 60px) 100vw, 60px\" \/><\/td>\n<\/tr>\n<tr class=\"row-25\">\n\t<td class=\"column-1\">3408963<\/td><td class=\"column-2\">3408963<\/td><td class=\"column-3\">Mangueira Transfer\u00eancia de Combust\u00edvel <\/td><td class=\"column-4\">3408963<\/td><td class=\"column-5\">390<\/td><td class=\"column-6\"><\/td>\n<\/tr>\n<tr class=\"row-26\">\n\t<td class=\"column-1\">6215183<\/td><td class=\"column-2\">6215183<\/td><td class=\"column-3\">Mangueira Bomba Hidr\u00e1ulica<\/td><td class=\"column-4\">6215183<\/td><td class=\"column-5\">100<\/td><td class=\"column-6\"><\/td>\n<\/tr>\n<tr class=\"row-27\">\n\t<td class=\"column-1\">3148164<\/td><td class=\"column-2\">3148164<\/td><td class=\"column-3\">Mangueira Tubo Respiro<\/td><td class=\"column-4\">3148164<\/td><td class=\"column-5\">762<\/td><td class=\"column-6\"><\/td>\n<\/tr>\n<tr class=\"row-28\">\n\t<td class=\"column-1\">188659<\/td><td class=\"column-2\">188659<\/td><td class=\"column-3\">Mangueira Filtro Ar<\/td><td class=\"column-4\">188659<\/td><td class=\"column-5\">70<\/td><td class=\"column-6\"><\/td>\n<\/tr>\n<tr class=\"row-29\">\n\t<td class=\"column-1\">202058'<\/td><td class=\"column-2\">202058'<\/td><td class=\"column-3\">Mangueira Reta Bomba<\/td><td class=\"column-4\">202058'<\/td><td class=\"column-5\">65<\/td><td class=\"column-6\"><\/td>\n<\/tr>\n<tr class=\"row-30\">\n\t<td class=\"column-1\">180085<\/td><td class=\"column-2\">180085<\/td><td class=\"column-3\">Mangueira Superior Radiador<\/td><td class=\"column-4\">180085<\/td><td class=\"column-5\">160<\/td><td class=\"column-6\"><\/td>\n<\/tr>\n<tr class=\"row-31\">\n\t<td class=\"column-1\">970500013<br \/>\n<\/td><td class=\"column-2\">970500013<br \/>\n<\/td><td class=\"column-3\">V\u00e1lvula de Esfera conex\u00e3o de  1\/2\" 300 PSI<\/td><td class=\"column-4\">970500013<br \/>\n<\/td><td class=\"column-5\">1<\/td><td class=\"column-6\"><img loading=\"lazy\" decoding=\"async\" src=\"http:\/\/precimaq.com.br\/wp-content\/uploads\/2021\/06\/WhatsApp-Image-2021-06-03-at-18.07.03-1-225x300.jpg\" alt=\"\" width=\"80\" height=\"80\" class=\"alignnone size-medium wp-image-3057\" srcset=\"http:\/\/precimaq.com.br\/wp-content\/uploads\/2021\/06\/WhatsApp-Image-2021-06-03-at-18.07.03-1-150x150.jpg 150w, http:\/\/precimaq.com.br\/wp-content\/uploads\/2021\/06\/WhatsApp-Image-2021-06-03-at-18.07.03-1-450x450.jpg 450w\" sizes=\"auto, (max-width: 80px) 100vw, 80px\" \/><\/td>\n<\/tr>\n<tr class=\"row-32\">\n\t<td class=\"column-1\">6219247M2<\/td><td class=\"column-2\">6219247M2<\/td><td class=\"column-3\">Parafuso Magnetico<\/td><td class=\"column-4\">6219247M2<\/td><td class=\"column-5\">1<\/td><td class=\"column-6\"><img loading=\"lazy\" decoding=\"async\" src=\"http:\/\/precimaq.com.br\/wp-content\/uploads\/2021\/06\/Pino-do-Sensor1-300x300.jpg\" alt=\"\" width=\"40\" height=\"40\" class=\"alignnone size-medium wp-image-3053\" srcset=\"http:\/\/precimaq.com.br\/wp-content\/uploads\/2021\/06\/Pino-do-Sensor1-300x300.jpg 300w, http:\/\/precimaq.com.br\/wp-content\/uploads\/2021\/06\/Pino-do-Sensor1-150x150.jpg 150w, http:\/\/precimaq.com.br\/wp-content\/uploads\/2021\/06\/Pino-do-Sensor1-768x768.jpg 768w, http:\/\/precimaq.com.br\/wp-content\/uploads\/2021\/06\/Pino-do-Sensor1-450x450.jpg 450w, http:\/\/precimaq.com.br\/wp-content\/uploads\/2021\/06\/Pino-do-Sensor1.jpg 1000w\" sizes=\"auto, (max-width: 40px) 100vw, 40px\" \/><\/td>\n<\/tr>\n<\/tbody>\n<\/table>\n<!-- #tablepress-29 from cache -->\n","protected":false},"excerpt":{"rendered":"","protected":false},"author":1,"featured_media":0,"parent":58,"menu_order":0,"comment_status":"closed","ping_status":"closed","template":"","meta":{"footnotes":""},"class_list":["post-611","page","type-page","status-publish","hentry"],"_links":{"self":[{"href":"http:\/\/precimaq.com.br\/index.php?rest_route=\/wp\/v2\/pages\/611","targetHints":{"allow":["GET"]}}],"collection":[{"href":"http:\/\/precimaq.com.br\/index.php?rest_route=\/wp\/v2\/pages"}],"about":[{"href":"http:\/\/precimaq.com.br\/index.php?rest_route=\/wp\/v2\/types\/page"}],"author":[{"embeddable":true,"href":"http:\/\/precimaq.com.br\/index.php?rest_route=\/wp\/v2\/users\/1"}],"replies":[{"embeddable":true,"href":"http:\/\/precimaq.com.br\/index.php?rest_route=%2Fwp%2Fv2%2Fcomments&post=611"}],"version-history":[{"count":11,"href":"http:\/\/precimaq.com.br\/index.php?rest_route=\/wp\/v2\/pages\/611\/revisions"}],"predecessor-version":[{"id":1726,"href":"http:\/\/precimaq.com.br\/index.php?rest_route=\/wp\/v2\/pages\/611\/revisions\/1726"}],"up":[{"embeddable":true,"href":"http:\/\/precimaq.com.br\/index.php?rest_route=\/wp\/v2\/pages\/58"}],"wp:attachment":[{"href":"http:\/\/precimaq.com.br\/index.php?rest_route=%2Fwp%2Fv2%2Fmedia&parent=611"}],"curies":[{"name":"wp","href":"https:\/\/api.w.org\/{rel}","templated":true}]}}